{"id":138,"date":"2020-02-11T13:14:52","date_gmt":"2020-02-11T13:14:52","guid":{"rendered":"http:\/\/site.croixrougeath.be\/?page_id=138"},"modified":"2025-10-06T09:04:44","modified_gmt":"2025-10-06T07:04:44","slug":"vestiboutique","status":"publish","type":"page","link":"https:\/\/site.croixrougeath.be\/index.php\/nos-activites\/vestiboutique\/","title":{"rendered":"Vestiboutique"},"content":{"rendered":"<div class=\"vce-row-container\" data-vce-boxed-width=\"true\"><div class=\"vce-row vce-row--col-gap-30 vce-row-equal-height vce-row-content--top\" id=\"el-a9248dd0\" data-vce-do-apply=\"all el-a9248dd0\"><div class=\"vce-row-content\" data-vce-element-content=\"true\"><div class=\"vce-col vce-col--md-auto vce-col--xs-1 vce-col--xs-last vce-col--xs-first vce-col--sm-last vce-col--sm-first vce-col--md-first vce-col--lg-first vce-col--xl-first\" id=\"el-4aab24bc\"><div class=\"vce-col-inner\" data-vce-do-apply=\"border margin background  el-4aab24bc\"><div class=\"vce-col-content\" data-vce-element-content=\"true\" data-vce-do-apply=\"padding el-4aab24bc\"><div class=\"vce-text-block\"><div class=\"vce-text-block-wrapper vce\" id=\"el-74cabe6c\" data-vce-do-apply=\"all el-74cabe6c\"><h2>Boutique<\/h2><p>Dans notre vestiboutique, nous proposons \u00e0 <span style=\"color: #d80000;\">petits prix<\/span>, des v\u00eatements, chaussures, accessoires pour hommes, femmes, enfants et b\u00e9b\u00e9s ainsi que du linge de maison.<\/p><p><span style=\"color: #d80000;\">Tout le monde est le bienvenu<\/span>, nous sommes ouverts \u00e0 tous sans exception. En venant y faire un achat, vous contribuez \u00e0 notre bon fonctionnement car l'argent r\u00e9colt\u00e9 nous permet de financer d'autres de nos activit\u00e9s sociales.<\/p><h3>De tout petits prix<\/h3><p>Le prix des articles est compris entre 0,20 euros et 10 euros.&nbsp;<\/p><p>Vous pouvez t\u00e9l\u00e9charger le tarif complet ci-dessous:<\/p><\/div><\/div><div class=\"vce-row-container\" data-vce-boxed-width=\"true\"><div class=\"vce-row vce-row--col-gap-30 vce-row-equal-height vce-row-content--top\" id=\"el-701791b7\" data-vce-do-apply=\"all el-701791b7\"><div class=\"vce-row-content\" data-vce-element-content=\"true\"><div class=\"vce-col vce-col--md-92p vce-col--xs-1 vce-col--xs-last vce-col--xs-first vce-col--sm-last vce-col--sm-first vce-col--md-last vce-col--lg-last vce-col--xl-last vce-col--md-first vce-col--lg-first vce-col--xl-first\" id=\"el-76260b3c\"><div class=\"vce-col-inner\" data-vce-do-apply=\"border margin background  el-76260b3c\"><div class=\"vce-col-content\" data-vce-element-content=\"true\" data-vce-do-apply=\"padding el-76260b3c\"><div class=\"vce-single-image-container vce-single-image--align-center\"><div class=\"vce vce-single-image-wrapper\" id=\"el-e19c5cd8\" data-vce-do-apply=\"all el-e19c5cd8\"><figure><div class=\"vce-single-image-figure-inner\" style=\"width: 320px;\"><div class=\"vce-single-image-inner vce-single-image--absolute\" style=\"width: 100%; padding-bottom: 100%;\"><img loading=\"lazy\" decoding=\"async\" class=\"vce-single-image\"  width=\"320\" height=\"320\" srcset=\"https:\/\/site.croixrougeath.be\/wp-content\/uploads\/2025\/10\/vestiboutique512x384-320x320.jpg 320w\" src=\"https:\/\/site.croixrougeath.be\/wp-content\/uploads\/2025\/10\/vestiboutique512x384-320x320.jpg\" data-img-src=\"https:\/\/site.croixrougeath.be\/wp-content\/uploads\/2020\/02\/vestiboutique512x384.jpg\" data-attachment-id=\"213\"  alt=\"\" title=\"vestiboutique512x384\" \/><\/div><\/div><figcaption hidden=\"\"><\/figcaption><\/figure><\/div><\/div><\/div><\/div><\/div><\/div><\/div><\/div><div class=\"vce-text-block\"><div class=\"vce-text-block-wrapper vce\" id=\"el-bca33433\" data-vce-do-apply=\"all el-bca33433\"><h2>Heures d'ouverture de la Vestiboutique<\/h2>\n<p>Du&nbsp;<strong>lundi<\/strong>&nbsp;au <strong>vendredi<\/strong> : <span style=\"color: #d80000;\"><strong>09:00<\/strong> \u00e0 <strong>12:15<\/strong>&nbsp;et&nbsp;<\/span><span style=\"color: #d80000;\"><strong>13:30<\/strong>&nbsp;\u00e0 <strong>16:45<\/strong><\/span><\/p>\n<p>Le <strong>samedi<\/strong> : <span style=\"color: #d80000;\"><strong>09:00<\/strong> \u00e0 <strong>12:15<\/strong><\/span><\/p>\n<p>(La porte est close un quart d'heure avant la fermeture de la Vestiboutique)<\/p><\/div><\/div><\/div><\/div><\/div><div class=\"vce-col vce-col--md-auto vce-col--xs-1 vce-col--xs-last vce-col--xs-first vce-col--sm-last vce-col--sm-first vce-col--md-last vce-col--lg-last vce-col--xl-last\" id=\"el-cf5c138b\"><div class=\"vce-col-inner\" data-vce-do-apply=\"border margin background  el-cf5c138b\"><div class=\"vce-col-content\" data-vce-element-content=\"true\" data-vce-do-apply=\"padding el-cf5c138b\"><div class=\"vce-text-block\"><div class=\"vce-text-block-wrapper vce\" id=\"el-b74a3b05\" data-vce-do-apply=\"all el-b74a3b05\"><h2>Dons<\/h2><p>Pour fonctionner, nous d\u00e9pendons de vos dons. Nous acceptons les v\u00eatements, chaussures et accessoires en parfait \u00e9tat:<\/p><div>Un-e B\u00e9n\u00e9vole vous accueillera et examinera ceux-ci en fonction des crit\u00e8res de s\u00e9lection de la <span style=\"color: #d80000;\">Croix-Rouge<\/span>.<\/div><\/div><\/div><div class=\"vce-single-image-container vce-single-image--align-center\"><div class=\"vce vce-single-image-wrapper\" id=\"el-28d18d0c\" data-vce-do-apply=\"all el-28d18d0c\"><figure><div class=\"vce-single-image-figure-inner\" style=\"width: 500px;\"><div class=\"vce-single-image-inner vce-single-image--absolute\" style=\"width: 100%; padding-bottom: 100%;\"><img loading=\"lazy\" decoding=\"async\" class=\"vce-single-image\"  width=\"500\" height=\"500\" srcset=\"https:\/\/site.croixrougeath.be\/wp-content\/uploads\/2025\/10\/CIRCUIT-et-QUALITE-des-DONS_WEB_Visuel-n\u00b01_FR-750x750-1-320x320.png 320w, https:\/\/site.croixrougeath.be\/wp-content\/uploads\/2025\/10\/CIRCUIT-et-QUALITE-des-DONS_WEB_Visuel-n\u00b01_FR-750x750-1-480x480.png 480w, https:\/\/site.croixrougeath.be\/wp-content\/uploads\/2025\/10\/CIRCUIT-et-QUALITE-des-DONS_WEB_Visuel-n\u00b01_FR-750x750-1-500x500.png 500w\" src=\"https:\/\/site.croixrougeath.be\/wp-content\/uploads\/2025\/10\/CIRCUIT-et-QUALITE-des-DONS_WEB_Visuel-n\u00b01_FR-750x750-1-500x500.png\" data-img-src=\"https:\/\/site.croixrougeath.be\/wp-content\/uploads\/2021\/09\/CIRCUIT-et-QUALITE-des-DONS_WEB_Visuel-n\u00b01_FR-750x750-1.png\" data-attachment-id=\"814\"  alt=\"\" title=\"CIRCUIT-et-QUALITE-des-DONS_WEB_Visuel-n\u00b01_FR-750x750\" \/><\/div><\/div><figcaption hidden=\"\"><\/figcaption><\/figure><\/div><\/div><div class=\"vce-text-block\"><div class=\"vce-text-block-wrapper vce\" id=\"el-b68b2e0b\" data-vce-do-apply=\"all el-b68b2e0b\"><h2>Heures d'ouverture pour la r\u00e9ception des dons<\/h2>\n<p><strong><span style=\"color: #000000;\">Lundi<\/span> :<\/strong> <span style=\"color: #d80000;\">le <strong>matin<\/strong> de <strong>09:00 <\/strong>\u00e0<strong> 11:00<\/strong><\/span><span style=\"color: #d80000;\">&nbsp;<\/span><span style=\"color: #d80000;\"><strong><br><span style=\"color: #000000;\">Mercredi :<\/span> <\/strong>le<strong> matin <\/strong>de <strong>09:00 <\/strong>\u00e0 <strong>11:00 <\/strong>et l'<strong>apr\u00e8s-midi <\/strong>de<strong> 14:00 <\/strong>\u00e0<strong>15:30<br><span style=\"color: #000000;\">Vendredi :<\/span> <\/strong>l'<strong>apr\u00e8s-midi <\/strong>de<strong>14:00 <\/strong>\u00e0 <strong>15:30<br><span style=\"color: #000000;\">Samedi :<\/span> <\/strong>le<strong> matin <\/strong>de <strong>09:00 <\/strong>\u00e0 <strong>11:00<br><\/strong><\/span><\/p><\/div><\/div><\/div><\/div><\/div><\/div><\/div><\/div><div class=\"vce-row-container\" data-vce-boxed-width=\"true\"><div class=\"vce-row vce-row--col-gap-30 vce-row-equal-height vce-row-content--top\" id=\"el-56b9b70a\" data-vce-do-apply=\"all el-56b9b70a\"><div class=\"vce-row-content\" data-vce-element-content=\"true\"><div class=\"vce-col vce-col--md-auto vce-col--xs-1 vce-col--xs-last vce-col--xs-first vce-col--sm-last vce-col--sm-first vce-col--md-last vce-col--lg-last vce-col--xl-last vce-col--md-first vce-col--lg-first vce-col--xl-first\" id=\"el-b4d89f81\"><div class=\"vce-col-inner\" data-vce-do-apply=\"border margin background  el-b4d89f81\"><div class=\"vce-col-content\" data-vce-element-content=\"true\" data-vce-do-apply=\"padding el-b4d89f81\"><div class=\"vce-row-container\" data-vce-boxed-width=\"true\"><div class=\"vce-row vce-row--col-gap-30 vce-row-equal-height vce-row-content--top\" id=\"el-db6562bb\" data-vce-do-apply=\"all el-db6562bb\"><div class=\"vce-row-content\" data-vce-element-content=\"true\"><div class=\"vce-col vce-col--md-auto vce-col--xs-1 vce-col--xs-last vce-col--xs-first vce-col--sm-last vce-col--sm-first vce-col--md-last vce-col--lg-last vce-col--xl-last vce-col--md-first vce-col--lg-first vce-col--xl-first\" id=\"el-d00e56b7\"><div class=\"vce-col-inner\" data-vce-do-apply=\"border margin background  el-d00e56b7\"><div class=\"vce-col-content\" data-vce-element-content=\"true\" data-vce-do-apply=\"padding el-d00e56b7\"><div class=\"vce-row-container\" data-vce-boxed-width=\"true\"><div class=\"vce-row vce-row--col-gap-30 vce-row-content--top\" id=\"el-e4d9e5b4\" data-vce-do-apply=\"all el-e4d9e5b4\"><div class=\"vce-row-content\" data-vce-element-content=\"true\"><div class=\"vce-col vce-col--md-60p vce-col--xs-1 vce-col--xs-last vce-col--xs-first vce-col--sm-last vce-col--sm-first vce-col--md-last vce-col--lg-last vce-col--xl-last vce-col--md-first vce-col--lg-first vce-col--xl-first\" id=\"el-d3c5cb05\"><div class=\"vce-col-inner\" data-vce-do-apply=\"border margin background  el-d3c5cb05\"><div class=\"vce-col-content\" data-vce-element-content=\"true\" data-vce-do-apply=\"padding el-d3c5cb05\"><div class=\"vce-text-block\"><div class=\"vce-text-block-wrapper vce\" id=\"el-69426789\" data-vce-do-apply=\"all el-69426789\"><h2>Contact<\/h2><\/div><\/div><div class=\"vce-row-container\" data-vce-boxed-width=\"true\"><div class=\"vce-row vce-row--col-gap-30 vce-row-content--top\" id=\"el-386e0932\" data-vce-do-apply=\"all el-386e0932\"><div class=\"vce-row-content\" data-vce-element-content=\"true\"><div class=\"vce-col vce-col--md-19-95p vce-col--xs-1 vce-col--xs-last vce-col--xs-first vce-col--sm-last vce-col--sm-first vce-col--md-first vce-col--lg-first vce-col--xl-first\" id=\"el-43535124\"><div class=\"vce-col-inner\" data-vce-do-apply=\"border margin background  el-43535124\"><div class=\"vce-col-content\" data-vce-element-content=\"true\" data-vce-do-apply=\"padding el-43535124\"><div class=\"vce-single-image-container vce-single-image--align-center\"><div class=\"vce vce-single-image-wrapper\" id=\"el-91e8e9d0\" data-vce-do-apply=\"all el-91e8e9d0\"><figure><div class=\"vce-single-image-figure-inner\" style=\"width: 32px;\"><div class=\"vce-single-image-inner vce-single-image--absolute\" style=\"width: 100%; padding-bottom: 100%;\"><img loading=\"lazy\" decoding=\"async\" class=\"vce-single-image\"  width=\"32\" height=\"32\" srcset=\"https:\/\/site.croixrougeath.be\/wp-content\/uploads\/2025\/10\/picto-phone-320x320.png 320w, https:\/\/site.croixrougeath.be\/wp-content\/uploads\/2025\/10\/picto-phone-480x480.png 480w, https:\/\/site.croixrougeath.be\/wp-content\/uploads\/2025\/10\/picto-phone-800x800.png 800w, https:\/\/site.croixrougeath.be\/wp-content\/uploads\/2025\/10\/picto-phone-32x32.png 32w, https:\/\/site.croixrougeath.be\/wp-content\/uploads\/2025\/10\/picto-phone-64x64.png 2x\" src=\"https:\/\/site.croixrougeath.be\/wp-content\/uploads\/2025\/10\/picto-phone-32x32.png\" data-img-src=\"https:\/\/site.croixrougeath.be\/wp-content\/uploads\/2020\/02\/picto-phone.png\" data-attachment-id=\"119\"  alt=\"\" title=\"picto-phone\" \/><\/div><\/div><figcaption hidden=\"\"><\/figcaption><\/figure><\/div><\/div><\/div><\/div><\/div><div class=\"vce-col vce-col--md-79-93p vce-col--xs-1 vce-col--xs-last vce-col--xs-first vce-col--sm-last vce-col--sm-first vce-col--md-last vce-col--lg-last vce-col--xl-last\" id=\"el-8ed99bb0\"><div class=\"vce-col-inner\" data-vce-do-apply=\"border margin background  el-8ed99bb0\"><div class=\"vce-col-content\" data-vce-element-content=\"true\" data-vce-do-apply=\"padding el-8ed99bb0\"><div class=\"vce-text-block\"><div class=\"vce-text-block-wrapper vce\" id=\"el-7294975c\" data-vce-do-apply=\"all el-7294975c\"><h4><span style=\"color: #d80000;\">068 \/ 33 48 38 &nbsp; &nbsp; ext &nbsp; 6 &nbsp; &nbsp;<\/span><\/h4><\/div><\/div><\/div><\/div><\/div><\/div><\/div><\/div><div class=\"vce-row-container\" data-vce-boxed-width=\"true\"><div class=\"vce-row vce-row--col-gap-30 vce-row-equal-height vce-row-content--top\" id=\"el-24f231d6\" data-vce-do-apply=\"all el-24f231d6\"><div class=\"vce-row-content\" data-vce-element-content=\"true\"><div class=\"vce-col vce-col--md-20-07p vce-col--xs-1 vce-col--xs-last vce-col--xs-first vce-col--sm-last vce-col--sm-first vce-col--md-first vce-col--lg-first vce-col--xl-first\" id=\"el-d69b6038\"><div class=\"vce-col-inner\" data-vce-do-apply=\"border margin background  el-d69b6038\"><div class=\"vce-col-content\" data-vce-element-content=\"true\" data-vce-do-apply=\"padding el-d69b6038\"><div class=\"vce-row-container\" data-vce-boxed-width=\"true\"><div class=\"vce-row vce-row--col-gap-30 vce-row-equal-height vce-row-content--top\" id=\"el-6fdb6553\" data-vce-do-apply=\"all el-6fdb6553\"><div class=\"vce-row-content\" data-vce-element-content=\"true\"><div class=\"vce-col vce-col--md-auto vce-col--xs-1 vce-col--xs-last vce-col--xs-first vce-col--sm-last vce-col--sm-first vce-col--md-last vce-col--lg-last vce-col--xl-last vce-col--md-first vce-col--lg-first vce-col--xl-first\" id=\"el-22f7669e\"><div class=\"vce-col-inner\" data-vce-do-apply=\"border margin background  el-22f7669e\"><div class=\"vce-col-content\" data-vce-element-content=\"true\" data-vce-do-apply=\"padding el-22f7669e\"><div class=\"vce-single-image-container vce-single-image--align-center\"><div class=\"vce vce-single-image-wrapper\" id=\"el-fc6660c1\" data-vce-do-apply=\"all el-fc6660c1\"><figure><div class=\"vce-single-image-figure-inner\" style=\"width: 32px;\"><div class=\"vce-single-image-inner vce-single-image--absolute\" style=\"width: 100%; padding-bottom: 100%;\"><img loading=\"lazy\" decoding=\"async\" class=\"vce-single-image\"  width=\"32\" height=\"32\" srcset=\"https:\/\/site.croixrougeath.be\/wp-content\/uploads\/2025\/10\/picto-mail-320x320.png 320w, https:\/\/site.croixrougeath.be\/wp-content\/uploads\/2025\/10\/picto-mail-480x480.png 480w, https:\/\/site.croixrougeath.be\/wp-content\/uploads\/2025\/10\/picto-mail-800x800.png 800w, https:\/\/site.croixrougeath.be\/wp-content\/uploads\/2025\/10\/picto-mail-32x32.png 32w, https:\/\/site.croixrougeath.be\/wp-content\/uploads\/2025\/10\/picto-mail-64x64.png 2x\" src=\"https:\/\/site.croixrougeath.be\/wp-content\/uploads\/2025\/10\/picto-mail-32x32.png\" data-img-src=\"https:\/\/site.croixrougeath.be\/wp-content\/uploads\/2020\/02\/picto-mail.png\" data-attachment-id=\"118\"  alt=\"\" title=\"picto-mail\" \/><\/div><\/div><figcaption hidden=\"\"><\/figcaption><\/figure><\/div><\/div><\/div><\/div><\/div><\/div><\/div><\/div><\/div><\/div><\/div><div class=\"vce-col vce-col--md-79-82p vce-col--xs-1 vce-col--xs-last vce-col--xs-first vce-col--sm-last vce-col--sm-first vce-col--md-last vce-col--lg-last vce-col--xl-last\" id=\"el-d7ff2058\"><div class=\"vce-col-inner\" data-vce-do-apply=\"border margin background  el-d7ff2058\"><div class=\"vce-col-content\" data-vce-element-content=\"true\" data-vce-do-apply=\"padding el-d7ff2058\"><div class=\"vce-text-block\"><div class=\"vce-text-block-wrapper vce\" id=\"el-bb703940\" data-vce-do-apply=\"all el-bb703940\"><h4><a href=\"mailto:vestiboutique.mcr.deuxdendres@croix-rouge.be\"><span style=\"color: #d80000;\">vestiboutique.mcr.deuxdendres@croix-rouge.be<\/span><\/a><\/h4><\/div><\/div><\/div><\/div><\/div><\/div><\/div><\/div><\/div><\/div><\/div><\/div><\/div><\/div><\/div><\/div><\/div><\/div><\/div><\/div><\/div><\/div><\/div><\/div><\/div><\/div><div class=\"vce-row-container\" data-vce-boxed-width=\"true\"><div class=\"vce-row vce-row--col-gap-30 vce-row-equal-height vce-row-content--top\" id=\"el-cbce32e6\" data-vce-do-apply=\"all el-cbce32e6\"><div class=\"vce-row-content\" data-vce-element-content=\"true\"><div class=\"vce-col vce-col--md-auto vce-col--xs-1 vce-col--xs-last vce-col--xs-first vce-col--sm-last vce-col--sm-first vce-col--md-last vce-col--lg-last vce-col--xl-last vce-col--md-first vce-col--lg-first vce-col--xl-first\" id=\"el-0c5a474a\"><div class=\"vce-col-inner\" data-vce-do-apply=\"border margin background  el-0c5a474a\"><div class=\"vce-col-content\" data-vce-element-content=\"true\" data-vce-do-apply=\"padding el-0c5a474a\"><div class=\"vcv-row-control-wrapper\"><\/div><\/div><\/div><\/div><\/div><\/div><\/div>","protected":false},"excerpt":{"rendered":"<p>BoutiqueDans notre vestiboutique, nous proposons \u00e0 petits prix, des v\u00eatements, chaussures, accessoires pour hommes, femmes, enfants et b\u00e9b\u00e9s ainsi que du linge de maison.Tout le monde est le bienvenu, nous sommes ouverts \u00e0 tous sans exception. En venant y faire un achat, vous contribuez \u00e0 notre bon fonctionnement car l&rsquo;argent r\u00e9colt\u00e9 nous permet de financer&hellip; <br \/> <a class=\"read-more\" href=\"https:\/\/site.croixrougeath.be\/index.php\/nos-activites\/vestiboutique\/\">Lire la suite<\/a><\/p>\n","protected":false},"author":1,"featured_media":0,"parent":97,"menu_order":0,"comment_status":"closed","ping_status":"closed","template":"","meta":{"footnotes":""},"class_list":["post-138","page","type-page","status-publish","hentry"],"_links":{"self":[{"href":"https:\/\/site.croixrougeath.be\/index.php\/wp-json\/wp\/v2\/pages\/138","targetHints":{"allow":["GET"]}}],"collection":[{"href":"https:\/\/site.croixrougeath.be\/index.php\/wp-json\/wp\/v2\/pages"}],"about":[{"href":"https:\/\/site.croixrougeath.be\/index.php\/wp-json\/wp\/v2\/types\/page"}],"author":[{"embeddable":true,"href":"https:\/\/site.croixrougeath.be\/index.php\/wp-json\/wp\/v2\/users\/1"}],"replies":[{"embeddable":true,"href":"https:\/\/site.croixrougeath.be\/index.php\/wp-json\/wp\/v2\/comments?post=138"}],"version-history":[{"count":4,"href":"https:\/\/site.croixrougeath.be\/index.php\/wp-json\/wp\/v2\/pages\/138\/revisions"}],"predecessor-version":[{"id":1095,"href":"https:\/\/site.croixrougeath.be\/index.php\/wp-json\/wp\/v2\/pages\/138\/revisions\/1095"}],"up":[{"embeddable":true,"href":"https:\/\/site.croixrougeath.be\/index.php\/wp-json\/wp\/v2\/pages\/97"}],"wp:attachment":[{"href":"https:\/\/site.croixrougeath.be\/index.php\/wp-json\/wp\/v2\/media?parent=138"}],"curies":[{"name":"wp","href":"https:\/\/api.w.org\/{rel}","templated":true}]}}