{"id":173,"date":"2020-02-11T15:29:59","date_gmt":"2020-02-11T15:29:59","guid":{"rendered":"http:\/\/site.croixrougeath.be\/?page_id=173"},"modified":"2021-09-02T13:12:59","modified_gmt":"2021-09-02T11:12:59","slug":"jeunesse","status":"publish","type":"page","link":"https:\/\/site.croixrougeath.be\/index.php\/nos-activites\/jeunesse\/","title":{"rendered":"Jeunesse"},"content":{"rendered":"<div class=\"vce-row-container\" data-vce-boxed-width=\"true\"><div class=\"vce-row vce-row--col-gap-30 vce-row-content--top\" id=\"el-d32e107d\" data-vce-do-apply=\"all el-d32e107d\"><div class=\"vce-row-content\" data-vce-element-content=\"true\"><div class=\"vce-col\" id=\"el-9b48e5d6\"><div class=\"vce-col-inner\" data-vce-do-apply=\"border margin background  el-9b48e5d6\"><div class=\"vce-col-content\" data-vce-element-content=\"true\" data-vce-do-apply=\"padding el-9b48e5d6\"><div class=\"vce-text-block\"><div class=\"vce-text-block-wrapper vce\" id=\"el-95cb61be\" data-vce-do-apply=\"all el-95cb61be\"><h2>Nos animations en milieu scolaire ou parascolaire<\/h2><p>Vous souhaitez sensibiliser vos jeunes \u00e0 la sant\u00e9 ou aux actions de la Croix-Rouge de Belgique ?&nbsp;Demandez l'une ou l'autre de nos animations p\u00e9dagogiques dans votre \u00e9tablissement.<\/p><\/div><\/div><\/div><\/div><\/div><\/div><\/div><\/div><div class=\"vce-row-container\" data-vce-boxed-width=\"true\"><div class=\"vce-row vce-row--col-gap-30 vce-row-content--top\" id=\"el-82178ac7\" data-vce-do-apply=\"all el-82178ac7\"><div class=\"vce-row-content\" data-vce-element-content=\"true\"><div class=\"vce-col vce-col--md-auto vce-col--xs-1 vce-col--xs-last vce-col--xs-first vce-col--sm-last vce-col--sm-first vce-col--md-first vce-col--lg-first vce-col--xl-first\" id=\"el-d80fe04e\"><div class=\"vce-col-inner\" data-vce-do-apply=\"border margin background  el-d80fe04e\"><div class=\"vce-col-content\" data-vce-element-content=\"true\" data-vce-do-apply=\"padding el-d80fe04e\"><div class=\"vce-text-block\"><div class=\"vce-text-block-wrapper vce\" id=\"el-54fb1525\" data-vce-do-apply=\"all el-54fb1525\"><h2>Benjamin secouriste<\/h2><h4>10 \u00e0 12 ans<\/h4><p>Apprendre les bons r\u00e9flexes \u00e0 adopter en cas d\u2019accident et les gestes de premiers soins.<br>Durant cette animation de 12 heures, les premiers secours sont abord\u00e9s \u00e0 travers des jeux et des mises en situation adapt\u00e9s au quotidien de l\u2019enfant. Des notions de pr\u00e9vention lui sont \u00e9galement transmises.<br>\u00c0 l\u2019issue de l\u2019animation, les enfants re\u00e7oivent un cahier richement illustr\u00e9 comprenant chaque mati\u00e8re et message transmis, ainsi que le brevet du Benjamin-Secouriste.<br>Ils sont alors pr\u00eats \u00e0 aider leur prochain en cas de blessure ou de petit accident, et \u00e0 intervenir de mani\u00e8re responsable et prudente en cas d\u2019accident plus cons\u00e9quent.<\/p><\/div><\/div><\/div><\/div><\/div><div class=\"vce-col vce-col--md-auto vce-col--xs-1 vce-col--xs-last vce-col--xs-first vce-col--sm-last vce-col--sm-first vce-col--md-last vce-col--lg-last vce-col--xl-last\" id=\"el-09755c70\"><div class=\"vce-col-inner\" data-vce-do-apply=\"border margin background  el-09755c70\"><div class=\"vce-col-content\" data-vce-element-content=\"true\" data-vce-do-apply=\"padding el-09755c70\"><div class=\"vce-single-image-container vce-single-image--align-left\"><div class=\"vce vce-single-image-wrapper\" id=\"el-2f751dec\" data-vce-do-apply=\"all el-2f751dec\"><figure><div class=\"vce-single-image-inner vce-single-image--absolute\" style=\"padding-bottom: 50.78125%; width: 1024px;\"><img loading=\"lazy\" decoding=\"async\" class=\"vce-single-image vcv-lozad\" data-src=\"https:\/\/site.croixrougeath.be\/wp-content\/uploads\/2020\/02\/ENSEIGN161116-CRB-ECOLE-071-1180x600-1.jpg\" width=\"1024\" height=\"520\" src=\"\" data-img-src=\"https:\/\/site.croixrougeath.be\/wp-content\/uploads\/2020\/02\/ENSEIGN161116-CRB-ECOLE-071-1180x600-1.jpg\" alt=\"\" title=\"ENSEIGN161116-CRB-ECOLE-071-1180x600\" \/><noscript>\n        &lt;img class=\"vce-single-image\" src=\"https:\/\/site.croixrougeath.be\/wp-content\/uploads\/2020\/02\/ENSEIGN161116-CRB-ECOLE-071-1180x600-1.jpg\" width=\"1024\" height=\"520\" alt=\"\" title=\"ENSEIGN161116-CRB-ECOLE-071-1180x600\" \/&gt;\n      <\/noscript><\/div><figcaption hidden=\"\"><\/figcaption><\/figure><\/div><\/div><\/div><\/div><\/div><\/div><\/div><\/div><div class=\"vce-row-container\" data-vce-boxed-width=\"true\"><div class=\"vce-row vce-row--col-gap-30 vce-row-content--top\" id=\"el-c008f32c\" data-vce-do-apply=\"all el-c008f32c\"><div class=\"vce-row-content\" data-vce-element-content=\"true\"><div class=\"vce-col vce-col--md-auto vce-col--xs-1 vce-col--xs-last vce-col--xs-first vce-col--sm-last vce-col--sm-first vce-col--md-first vce-col--lg-first vce-col--xl-first\" id=\"el-ff55746e\"><div class=\"vce-col-inner\" data-vce-do-apply=\"border margin background  el-ff55746e\"><div class=\"vce-col-content\" data-vce-element-content=\"true\" data-vce-do-apply=\"padding el-ff55746e\"><div class=\"vce-text-block\"><div class=\"vce-text-block-wrapper vce\" id=\"el-d717180f\" data-vce-do-apply=\"all el-d717180f\"><h2>Mission Z\u00e9ro Bobo<\/h2><h4>6 \u00e0 10 ans.<\/h4><p>Jeu p\u00e9dagogique sur les r\u00e9flexes de pr\u00e9vention et d\u2019action face \u00e0 certains types d\u2019accident&nbsp;&nbsp;(d\u00e9clin\u00e9 en 3 modules de 2h chacun).<br>Le temps du jeu, les enfants se d\u00e9placent au gr\u00e9 des diff\u00e9rentes pi\u00e8ces d\u2019une Maison Croix-Rouge\/Section Locale dans laquelle ils d\u00e9couvrent plusieurs activit\u00e9s men\u00e9es par la Croix-Rouge. A travers de&nbsp;jeux et activit\u00e9s ludiques, ils&nbsp;d\u00e9couvrent&nbsp;les bons r\u00e9flexes de pr\u00e9vention et d\u2019action face \u00e0 certains types d\u2019accident.<\/p><\/div><\/div><\/div><\/div><\/div><div class=\"vce-col vce-col--md-auto vce-col--xs-1 vce-col--xs-last vce-col--xs-first vce-col--sm-last vce-col--sm-first vce-col--md-last vce-col--lg-last vce-col--xl-last\" id=\"el-3b269131\"><div class=\"vce-col-inner\" data-vce-do-apply=\"border margin background  el-3b269131\"><div class=\"vce-col-content\" data-vce-element-content=\"true\" data-vce-do-apply=\"padding el-3b269131\"><div class=\"vce-single-image-container vce-single-image--align-left\"><div class=\"vce vce-single-image-wrapper\" id=\"el-a5bfe7e8\" data-vce-do-apply=\"all el-a5bfe7e8\"><figure><div class=\"vce-single-image-inner vce-single-image--absolute\" style=\"padding-bottom: 50.78125%; width: 1024px;\"><img loading=\"lazy\" decoding=\"async\" class=\"vce-single-image vcv-lozad\" data-src=\"https:\/\/site.croixrougeath.be\/wp-content\/uploads\/2020\/02\/ENSEIGN_0063-1180x600-1.jpg\" width=\"1024\" height=\"520\" src=\"\" data-img-src=\"https:\/\/site.croixrougeath.be\/wp-content\/uploads\/2020\/02\/ENSEIGN_0063-1180x600-1.jpg\" alt=\"\" title=\"ENSEIGN_0063-1180x600\" \/><noscript>\n        &lt;img class=\"vce-single-image\" src=\"https:\/\/site.croixrougeath.be\/wp-content\/uploads\/2020\/02\/ENSEIGN_0063-1180x600-1.jpg\" width=\"1024\" height=\"520\" alt=\"\" title=\"ENSEIGN_0063-1180x600\" \/&gt;\n      <\/noscript><\/div><figcaption hidden=\"\"><\/figcaption><\/figure><\/div><\/div><\/div><\/div><\/div><\/div><\/div><\/div><div class=\"vce-row-container\" data-vce-boxed-width=\"true\"><div class=\"vce-row vce-row--col-gap-30 vce-row-content--top\" id=\"el-17ccdbd4\" data-vce-do-apply=\"all el-17ccdbd4\"><div class=\"vce-row-content\" data-vce-element-content=\"true\"><div class=\"vce-col vce-col--md-auto vce-col--xs-1 vce-col--xs-last vce-col--xs-first vce-col--sm-last vce-col--sm-first vce-col--md-last vce-col--lg-last vce-col--xl-last vce-col--md-first vce-col--lg-first vce-col--xl-first\" id=\"el-72ad444b\"><div class=\"vce-col-inner\" data-vce-do-apply=\"border margin background  el-72ad444b\"><div class=\"vce-col-content\" data-vce-element-content=\"true\" data-vce-do-apply=\"padding el-72ad444b\"><div class=\"vce-text-block\"><div class=\"vce-text-block-wrapper vce\" id=\"el-b4b9d106\" data-vce-do-apply=\"all el-b4b9d106\"><h2>Contact<\/h2><\/div><\/div><\/div><\/div><\/div><\/div><\/div><\/div><div class=\"vce-row-container\" data-vce-boxed-width=\"true\"><div class=\"vce-row vce-row--col-gap-30 vce-row-content--top\" id=\"el-204d80b0\" data-vce-do-apply=\"all el-204d80b0\"><div class=\"vce-row-content\" data-vce-element-content=\"true\"><div class=\"vce-col vce-col--md-auto vce-col--xs-1 vce-col--xs-last vce-col--xs-first vce-col--sm-last vce-col--sm-first vce-col--md-first vce-col--lg-first vce-col--xl-first\" id=\"el-011e0d70\"><div class=\"vce-col-inner\" data-vce-do-apply=\"border margin background  el-011e0d70\"><div class=\"vce-col-content\" data-vce-element-content=\"true\" data-vce-do-apply=\"padding el-011e0d70\"><div class=\"vce-text-block\"><div class=\"vce-text-block-wrapper vce\" id=\"el-7d279f43\" data-vce-do-apply=\"all el-7d279f43\"><h3>C\u00e9cile HEBETTE<\/h3><h4>Animatrice - Responsable jeunesse<\/h4><\/div><\/div><\/div><\/div><\/div><div class=\"vce-col vce-col--md-auto vce-col--xs-1 vce-col--xs-last vce-col--xs-first vce-col--sm-last vce-col--sm-first vce-col--md-last vce-col--lg-last vce-col--xl-last\" id=\"el-d91c2441\"><div class=\"vce-col-inner\" data-vce-do-apply=\"border margin background  el-d91c2441\"><div class=\"vce-col-content\" data-vce-element-content=\"true\" data-vce-do-apply=\"padding el-d91c2441\"><div class=\"vce-row-container\" data-vce-boxed-width=\"true\"><div class=\"vce-row vce-row--col-gap-30 vce-row-content--top\" id=\"el-f9172b91\" data-vce-do-apply=\"all el-f9172b91\"><div class=\"vce-row-content\" data-vce-element-content=\"true\"><div class=\"vce-col vce-col--md-24-66p vce-col--xs-1 vce-col--xs-last vce-col--xs-first vce-col--sm-last vce-col--sm-first vce-col--md-first vce-col--lg-first vce-col--xl-first\" id=\"el-ea48a7d7\"><div class=\"vce-col-inner\" data-vce-do-apply=\"border margin background  el-ea48a7d7\"><div class=\"vce-col-content\" data-vce-element-content=\"true\" data-vce-do-apply=\"padding el-ea48a7d7\"><div class=\"vce-single-image-container vce-single-image--align-center\"><div class=\"vce vce-single-image-wrapper\" id=\"el-efb44185\" data-vce-do-apply=\"all el-efb44185\"><figure><div class=\"vce-single-image-inner vce-single-image--absolute\" style=\"padding-bottom: 100%; width: 32px;\"><img loading=\"lazy\" decoding=\"async\" class=\"vce-single-image vcv-lozad\" data-src=\"https:\/\/site.croixrougeath.be\/wp-content\/uploads\/2020\/02\/picto-phone.png\" width=\"32\" height=\"32\" src=\"\" data-img-src=\"https:\/\/site.croixrougeath.be\/wp-content\/uploads\/2020\/02\/picto-phone.png\" alt=\"\" title=\"picto-phone\" \/><noscript>\n        &lt;img class=\"vce-single-image\" src=\"https:\/\/site.croixrougeath.be\/wp-content\/uploads\/2020\/02\/picto-phone.png\" width=\"32\" height=\"32\" alt=\"\" title=\"picto-phone\" \/&gt;\n      <\/noscript><\/div><figcaption hidden=\"\"><\/figcaption><\/figure><\/div><\/div><\/div><\/div><\/div><div class=\"vce-col vce-col--md-75-33p vce-col--xs-1 vce-col--xs-last vce-col--xs-first vce-col--sm-last vce-col--sm-first vce-col--md-last vce-col--lg-last vce-col--xl-last\" id=\"el-a02a7ce0\"><div class=\"vce-col-inner\" data-vce-do-apply=\"border margin background  el-a02a7ce0\"><div class=\"vce-col-content\" data-vce-element-content=\"true\" data-vce-do-apply=\"padding el-a02a7ce0\"><div class=\"vce-text-block\"><div class=\"vce-text-block-wrapper vce\" id=\"el-024b90f5\" data-vce-do-apply=\"all el-024b90f5\"><h4><span style=\"color: #d80000;\">068 \/ 33 48 38 &nbsp; &nbsp; ext. &nbsp;3<\/span><\/h4><\/div><\/div><\/div><\/div><\/div><\/div><\/div><\/div><div class=\"vce-row-container\" data-vce-boxed-width=\"true\"><div class=\"vce-row vce-row--col-gap-30 vce-row-content--top\" id=\"el-f24fb7bf\" data-vce-do-apply=\"all el-f24fb7bf\"><div class=\"vce-row-content\" data-vce-element-content=\"true\"><div class=\"vce-col vce-col--md-24-83p vce-col--xs-1 vce-col--xs-last vce-col--xs-first vce-col--sm-last vce-col--sm-first vce-col--md-first vce-col--lg-first vce-col--xl-first\" id=\"el-15c2adb1\"><div class=\"vce-col-inner\" data-vce-do-apply=\"border margin background  el-15c2adb1\"><div class=\"vce-col-content\" data-vce-element-content=\"true\" data-vce-do-apply=\"padding el-15c2adb1\"><div class=\"vce-single-image-container vce-single-image--align-center\"><div class=\"vce vce-single-image-wrapper\" id=\"el-99fb3101\" data-vce-do-apply=\"all el-99fb3101\"><figure><div class=\"vce-single-image-inner vce-single-image--absolute\" style=\"padding-bottom: 100%; width: 32px;\"><img loading=\"lazy\" decoding=\"async\" class=\"vce-single-image vcv-lozad\" data-src=\"https:\/\/site.croixrougeath.be\/wp-content\/uploads\/2020\/02\/picto-mail.png\" width=\"32\" height=\"32\" src=\"\" data-img-src=\"https:\/\/site.croixrougeath.be\/wp-content\/uploads\/2020\/02\/picto-mail.png\" alt=\"\" title=\"picto-mail\" \/><noscript>\n        &lt;img class=\"vce-single-image\" src=\"https:\/\/site.croixrougeath.be\/wp-content\/uploads\/2020\/02\/picto-mail.png\" width=\"32\" height=\"32\" alt=\"\" title=\"picto-mail\" \/&gt;\n      <\/noscript><\/div><figcaption hidden=\"\"><\/figcaption><\/figure><\/div><\/div><\/div><\/div><\/div><div class=\"vce-col vce-col--md-75-17p vce-col--xs-1 vce-col--xs-last vce-col--xs-first vce-col--sm-last vce-col--sm-first vce-col--md-last vce-col--lg-last vce-col--xl-last\" id=\"el-ad16f30a\"><div class=\"vce-col-inner\" data-vce-do-apply=\"border margin background  el-ad16f30a\"><div class=\"vce-col-content\" data-vce-element-content=\"true\" data-vce-do-apply=\"padding el-ad16f30a\"><div class=\"vce-text-block\"><div class=\"vce-text-block-wrapper vce\" id=\"el-3bc53aca\" data-vce-do-apply=\"all el-3bc53aca\"><h4><a href=\"mailto:jeunesse.mcr.deuxdendres@croix-rouge.be\"><span style=\"color: #d80000;\">jeunesse.mcr.deuxdendres@croix-rouge.be<\/span><\/a><\/h4><h4>&nbsp;<\/h4><\/div><\/div><\/div><\/div><\/div><\/div><\/div><\/div><\/div><\/div><\/div><\/div><\/div><\/div><div class=\"vce-row-container\" data-vce-boxed-width=\"true\"><div class=\"vce-row vce-row--col-gap-30 vce-row-content--top\" id=\"el-8998d688\" data-vce-do-apply=\"all el-8998d688\"><div class=\"vce-row-content\" data-vce-element-content=\"true\"><div class=\"vce-col vce-col--md-auto vce-col--xs-1 vce-col--xs-last vce-col--xs-first vce-col--sm-last vce-col--sm-first vce-col--md-last vce-col--lg-last vce-col--xl-last vce-col--md-first vce-col--lg-first vce-col--xl-first\" id=\"el-bfa5b727\"><div class=\"vce-col-inner\" data-vce-do-apply=\"border margin background  el-bfa5b727\"><div class=\"vce-col-content\" data-vce-element-content=\"true\" data-vce-do-apply=\"padding el-bfa5b727\"><div class=\"vce-text-block\"><div class=\"vce-text-block-wrapper vce\" id=\"el-00a006b0\" data-vce-do-apply=\"all el-00a006b0\"><h2>Plus d'informations sur La Croix-Rouge Jeunesse<\/h2><h4>Site internet de La Croix-Rouge Jeunesse : <span style=\"color: #d80000; font-family: inherit;\"><a style=\"color: #d80000;\" href=\"https:\/\/www.crj.be\" target=\"_blank\" rel=\"noopener\">https:\/\/www.crj.be<\/a><\/span><\/h4><\/div><\/div><\/div><\/div><\/div><\/div><\/div><\/div><div class=\"vce-row-container\" data-vce-boxed-width=\"true\"><div class=\"vce-row vce-row--col-gap-30 vce-row-content--top\" id=\"el-2a1afdbe\" data-vce-do-apply=\"all el-2a1afdbe\"><div class=\"vce-row-content\" data-vce-element-content=\"true\"><div class=\"vce-col vce-col--md-auto vce-col--xs-1 vce-col--xs-last vce-col--xs-first vce-col--sm-last vce-col--sm-first vce-col--md-first vce-col--lg-first vce-col--xl-first\" id=\"el-449eaf76\"><div class=\"vce-col-inner\" data-vce-do-apply=\"border margin background  el-449eaf76\"><div class=\"vce-col-content\" data-vce-element-content=\"true\" data-vce-do-apply=\"padding el-449eaf76\"><\/div><\/div><\/div><div class=\"vce-col vce-col--md-auto vce-col--xs-1 vce-col--xs-last vce-col--xs-first vce-col--sm-last vce-col--sm-first vce-col--md-last vce-col--lg-last vce-col--xl-last\" id=\"el-f7af0a5e\"><div class=\"vce-col-inner\" data-vce-do-apply=\"border margin background  el-f7af0a5e\"><div class=\"vce-col-content\" data-vce-element-content=\"true\" data-vce-do-apply=\"padding el-f7af0a5e\"><\/div><\/div><\/div><\/div><\/div><\/div>\n","protected":false},"excerpt":{"rendered":"<p>Nos animations en milieu scolaire ou parascolaireVous souhaitez sensibiliser vos jeunes \u00e0 la sant\u00e9 ou aux actions de la Croix-Rouge de Belgique ?&nbsp;Demandez l&rsquo;une ou l&rsquo;autre de nos animations p\u00e9dagogiques dans votre \u00e9tablissement.Benjamin secouriste10 \u00e0 12 ansApprendre les bons r\u00e9flexes \u00e0 adopter en cas d\u2019accident et les gestes de premiers soins.Durant cette animation de 12&hellip; <br \/> <a class=\"read-more\" href=\"https:\/\/site.croixrougeath.be\/index.php\/nos-activites\/jeunesse\/\">Lire la suite<\/a><\/p>\n","protected":false},"author":1,"featured_media":0,"parent":97,"menu_order":0,"comment_status":"closed","ping_status":"closed","template":"","meta":{"footnotes":""},"class_list":["post-173","page","type-page","status-publish","hentry"],"_links":{"self":[{"href":"https:\/\/site.croixrougeath.be\/index.php\/wp-json\/wp\/v2\/pages\/173","targetHints":{"allow":["GET"]}}],"collection":[{"href":"https:\/\/site.croixrougeath.be\/index.php\/wp-json\/wp\/v2\/pages"}],"about":[{"href":"https:\/\/site.croixrougeath.be\/index.php\/wp-json\/wp\/v2\/types\/page"}],"author":[{"embeddable":true,"href":"https:\/\/site.croixrougeath.be\/index.php\/wp-json\/wp\/v2\/users\/1"}],"replies":[{"embeddable":true,"href":"https:\/\/site.croixrougeath.be\/index.php\/wp-json\/wp\/v2\/comments?post=173"}],"version-history":[{"count":0,"href":"https:\/\/site.croixrougeath.be\/index.php\/wp-json\/wp\/v2\/pages\/173\/revisions"}],"up":[{"embeddable":true,"href":"https:\/\/site.croixrougeath.be\/index.php\/wp-json\/wp\/v2\/pages\/97"}],"wp:attachment":[{"href":"https:\/\/site.croixrougeath.be\/index.php\/wp-json\/wp\/v2\/media?parent=173"}],"curies":[{"name":"wp","href":"https:\/\/api.w.org\/{rel}","templated":true}]}}