{"id":425,"date":"2020-07-26T10:23:56","date_gmt":"2020-07-26T10:23:56","guid":{"rendered":"http:\/\/site.croixrougeath.be\/?page_id=425"},"modified":"2025-05-13T13:45:55","modified_gmt":"2025-05-13T11:45:55","slug":"comite","status":"publish","type":"page","link":"https:\/\/site.croixrougeath.be\/index.php\/comite\/","title":{"rendered":"Comit\u00e9"},"content":{"rendered":"<div class=\"vce-row-container\" data-vce-boxed-width=\"true\"><div class=\"vce-row vce-row--col-gap-30 vce-row-content--top\" id=\"el-773d4333\" data-vce-do-apply=\"all el-773d4333\"><div class=\"vce-row-content\" data-vce-element-content=\"true\"><div class=\"vce-col\" id=\"el-f717dcb4\"><div class=\"vce-col-inner\" data-vce-do-apply=\"border margin background  el-f717dcb4\"><div class=\"vce-col-content\" data-vce-element-content=\"true\" data-vce-do-apply=\"padding el-f717dcb4\"><div class=\"vce-text-block\"><div class=\"vce-text-block-wrapper vce\" id=\"el-624ba5f2\" data-vce-do-apply=\"all el-624ba5f2\"><h2 style=\"text-align: center;\">Comit\u00e9 restreint de la Maison Croix-Rouge<\/h2><\/div><\/div><\/div><\/div><\/div><\/div><\/div><\/div><div class=\"vce-row-container\" data-vce-boxed-width=\"true\"><div class=\"vce-row vce-row--col-gap-30 vce-row-content--top\" id=\"el-1ada20e0\" data-vce-do-apply=\"all el-1ada20e0\"><div class=\"vce-row-content\" data-vce-element-content=\"true\"><div class=\"vce-col vce-col--md-auto vce-col--xs-1 vce-col--xs-last vce-col--xs-first vce-col--sm-last vce-col--sm-first vce-col--md-first vce-col--lg-first vce-col--xl-first\" id=\"el-d26c71f4\"><div class=\"vce-col-inner\" data-vce-do-apply=\"border margin background  el-d26c71f4\" vce-box-shadow=\"el-d26c71f4\"><div class=\"vce-content-background-container\"><\/div><div class=\"vce-col-content\" data-vce-element-content=\"true\" data-vce-do-apply=\"padding el-d26c71f4\"><div class=\"vce-text-block\"><div class=\"vce-text-block-wrapper vce\" id=\"el-ff839f02\" data-vce-do-apply=\"all el-ff839f02\"><p>&nbsp;&nbsp;<\/p><\/div><\/div><div class=\"vce-single-image-container vce-single-image--align-center\"><div class=\"vce vce-single-image-wrapper\" id=\"el-87c51971\" data-vce-do-apply=\"all el-87c51971\"><figure><div class=\"vce-single-image-figure-inner\" style=\"width: 160px;\"><div class=\"vce-single-image-inner vce-single-image--absolute vce-single-image--border-round\" style=\"width: 100%; padding-bottom: 100%;\"><img loading=\"lazy\" decoding=\"async\" class=\"vce-single-image\"  width=\"160\" height=\"160\" srcset=\"https:\/\/site.croixrougeath.be\/wp-content\/uploads\/2025\/05\/cecile-320x320.png 320w, https:\/\/site.croixrougeath.be\/wp-content\/uploads\/2025\/05\/cecile-480x480.png 480w, https:\/\/site.croixrougeath.be\/wp-content\/uploads\/2025\/05\/cecile-800x800.png 800w, https:\/\/site.croixrougeath.be\/wp-content\/uploads\/2025\/05\/cecile-160x160.png 160w, https:\/\/site.croixrougeath.be\/wp-content\/uploads\/2025\/05\/cecile-320x320.png 2x\" src=\"https:\/\/site.croixrougeath.be\/wp-content\/uploads\/2025\/05\/cecile-160x160.png\" data-img-src=\"https:\/\/site.croixrougeath.be\/wp-content\/uploads\/2025\/05\/cecile.png\" data-attachment-id=\"1036\"  alt=\"\" title=\"c\u00e9cile\" \/><\/div><\/div><figcaption hidden=\"\"><\/figcaption><\/figure><\/div><\/div><div class=\"vce-text-block\"><div class=\"vce-text-block-wrapper vce\" id=\"el-61849f9a\" data-vce-do-apply=\"all el-61849f9a\"><h4 style=\"text-align: center;\">C\u00e9cile&nbsp;<span lang=\"NL\">H<\/span><span lang=\"NL\">\u00c9<\/span><span lang=\"NL\">BETTE<\/span><\/h4><p style=\"text-align: center;\">Pr\u00e9sident(e)<\/p><p style=\"text-align: center;\"><a href=\"mailto:presidence.mcr.deuxdendres@croix-rouge.be\" target=\"_blank\" rel=\"noopener\">presidence.mcr.deuxdendres@croix-rouge.be<\/a><\/p><\/div><\/div><\/div><\/div><\/div><div class=\"vce-col vce-col--md-auto vce-col--xs-1 vce-col--xs-last vce-col--xs-first vce-col--sm-last vce-col--sm-first vce-col--md-last vce-col--lg-last vce-col--xl-last\" id=\"el-e02efc9b\"><div class=\"vce-col-inner\" data-vce-do-apply=\"border margin background  el-e02efc9b\" vce-box-shadow=\"el-e02efc9b\"><div class=\"vce-content-background-container\"><\/div><div class=\"vce-col-content\" data-vce-element-content=\"true\" data-vce-do-apply=\"padding el-e02efc9b\"><div class=\"vce-text-block\"><div class=\"vce-text-block-wrapper vce\" id=\"el-321cbf75\" data-vce-do-apply=\"all el-321cbf75\"><p>&nbsp;&nbsp;<\/p><\/div><\/div><div class=\"vce-single-image-container vce-single-image--align-center\"><div class=\"vce vce-single-image-wrapper\" id=\"el-96cba83b\" data-vce-do-apply=\"all el-96cba83b\"><figure><div class=\"vce-single-image-figure-inner\" style=\"width: 160px;\"><div class=\"vce-single-image-inner vce-single-image--absolute vce-single-image--border-round\" style=\"width: 100%; padding-bottom: 100%;\"><img loading=\"lazy\" decoding=\"async\" class=\"vce-single-image\"  width=\"160\" height=\"160\" srcset=\"https:\/\/site.croixrougeath.be\/wp-content\/uploads\/2025\/05\/rosine-320x320.png 320w, https:\/\/site.croixrougeath.be\/wp-content\/uploads\/2025\/05\/rosine-480x480.png 480w, https:\/\/site.croixrougeath.be\/wp-content\/uploads\/2025\/05\/rosine-800x800.png 800w, https:\/\/site.croixrougeath.be\/wp-content\/uploads\/2025\/05\/rosine-160x160.png 160w, https:\/\/site.croixrougeath.be\/wp-content\/uploads\/2025\/05\/rosine-320x320.png 2x\" src=\"https:\/\/site.croixrougeath.be\/wp-content\/uploads\/2025\/05\/rosine-160x160.png\" data-img-src=\"https:\/\/site.croixrougeath.be\/wp-content\/uploads\/2025\/05\/rosine.png\" data-attachment-id=\"1039\"  alt=\"\" title=\"rosine\" \/><\/div><\/div><figcaption hidden=\"\"><\/figcaption><\/figure><\/div><\/div><div class=\"vce-text-block\"><div class=\"vce-text-block-wrapper vce\" id=\"el-74d957f9\" data-vce-do-apply=\"all el-74d957f9\"><h4 style=\"text-align: center;\">Rosine LAIGNEAUX<\/h4>\n<p style=\"text-align: center;\">Vice-Pr\u00e9sidente<\/p>\n<p style=\"text-align: center;\"><a href=\"mailto:v-presidence.mcr.deuxdendres@croix-rouge.be\">v-presidence.mcr.deuxdendres@croix-rouge.be<\/a><\/p><\/div><\/div><\/div><\/div><\/div><\/div><\/div><\/div><div class=\"vce-row-container\" data-vce-boxed-width=\"true\"><div class=\"vce-row vce-row--col-gap-30 vce-row-content--top\" id=\"el-c4e83363\" data-vce-do-apply=\"all el-c4e83363\"><div class=\"vce-row-content\" data-vce-element-content=\"true\"><div class=\"vce-col vce-col--md-auto vce-col--xs-1 vce-col--xs-last vce-col--xs-first vce-col--sm-last vce-col--sm-first vce-col--md-first vce-col--lg-first vce-col--xl-first\" id=\"el-c5ff4f26\"><div class=\"vce-col-inner\" data-vce-do-apply=\"border margin background  el-c5ff4f26\" vce-box-shadow=\"el-c5ff4f26\"><div class=\"vce-content-background-container\"><\/div><div class=\"vce-col-content\" data-vce-element-content=\"true\" data-vce-do-apply=\"padding el-c5ff4f26\"><div class=\"vce-text-block\"><div class=\"vce-text-block-wrapper vce\" id=\"el-7840f767\" data-vce-do-apply=\"all el-7840f767\"><p>&nbsp;&nbsp;<\/p><\/div><\/div><div class=\"vce-single-image-container vce-single-image--align-center\"><div class=\"vce vce-single-image-wrapper\" id=\"el-9cb06aac\" data-vce-do-apply=\"all el-9cb06aac\"><figure><div class=\"vce-single-image-figure-inner\" style=\"width: 160px;\"><div class=\"vce-single-image-inner vce-single-image--absolute vce-single-image--border-round\" style=\"width: 100%; padding-bottom: 100%;\"><img loading=\"lazy\" decoding=\"async\" class=\"vce-single-image\"  width=\"160\" height=\"160\" srcset=\"https:\/\/site.croixrougeath.be\/wp-content\/uploads\/2025\/05\/sonia-320x320.png 320w, https:\/\/site.croixrougeath.be\/wp-content\/uploads\/2025\/05\/sonia-480x480.png 480w, https:\/\/site.croixrougeath.be\/wp-content\/uploads\/2025\/05\/sonia-800x800.png 800w, https:\/\/site.croixrougeath.be\/wp-content\/uploads\/2025\/05\/sonia-160x160.png 160w, https:\/\/site.croixrougeath.be\/wp-content\/uploads\/2025\/05\/sonia-320x320.png 2x\" src=\"https:\/\/site.croixrougeath.be\/wp-content\/uploads\/2025\/05\/sonia-160x160.png\" data-img-src=\"https:\/\/site.croixrougeath.be\/wp-content\/uploads\/2025\/05\/sonia.png\" data-attachment-id=\"1037\"  alt=\"\" title=\"sonia\" \/><\/div><\/div><figcaption hidden=\"\"><\/figcaption><\/figure><\/div><\/div><div class=\"vce-text-block\"><div class=\"vce-text-block-wrapper vce\" id=\"el-991da25f\" data-vce-do-apply=\"all el-991da25f\"><h4 style=\"text-align: center;\">Sonia PREVOST<\/h4>\n<p style=\"text-align: center;\">Secr\u00e9taire<\/p>\n<p style=\"text-align: center;\"><a href=\"mailto:secretariat.mcr.deuxdendres@croix-rouge.be\">secretariat.mcr.deuxdendres@croix-rouge.be<\/a><\/p><\/div><\/div><\/div><\/div><\/div><div class=\"vce-col vce-col--md-auto vce-col--xs-1 vce-col--xs-last vce-col--xs-first vce-col--sm-last vce-col--sm-first vce-col--md-last vce-col--lg-last vce-col--xl-last\" id=\"el-4ec18570\"><div class=\"vce-col-inner\" data-vce-do-apply=\"border margin background  el-4ec18570\" vce-box-shadow=\"el-4ec18570\"><div class=\"vce-content-background-container\"><\/div><div class=\"vce-col-content\" data-vce-element-content=\"true\" data-vce-do-apply=\"padding el-4ec18570\"><div class=\"vce-text-block\"><div class=\"vce-text-block-wrapper vce\" id=\"el-9d0162e4\" data-vce-do-apply=\"all el-9d0162e4\"><p>&nbsp;&nbsp;<\/p><\/div><\/div><div class=\"vce-single-image-container vce-single-image--align-center\"><div class=\"vce vce-single-image-wrapper\" id=\"el-9881bd0f\" data-vce-do-apply=\"all el-9881bd0f\"><figure><div class=\"vce-single-image-figure-inner\" style=\"width: 160px;\"><div class=\"vce-single-image-inner vce-single-image--absolute vce-single-image--border-round\" style=\"width: 100%; padding-bottom: 100%;\"><img loading=\"lazy\" decoding=\"async\" class=\"vce-single-image\"  width=\"160\" height=\"160\" srcset=\"https:\/\/site.croixrougeath.be\/wp-content\/uploads\/2025\/05\/christine-320x320.png 320w, https:\/\/site.croixrougeath.be\/wp-content\/uploads\/2025\/05\/christine-480x480.png 480w, https:\/\/site.croixrougeath.be\/wp-content\/uploads\/2025\/05\/christine-800x800.png 800w, https:\/\/site.croixrougeath.be\/wp-content\/uploads\/2025\/05\/christine-160x160.png 160w, https:\/\/site.croixrougeath.be\/wp-content\/uploads\/2025\/05\/christine-320x320.png 2x\" src=\"https:\/\/site.croixrougeath.be\/wp-content\/uploads\/2025\/05\/christine-160x160.png\" data-img-src=\"https:\/\/site.croixrougeath.be\/wp-content\/uploads\/2025\/05\/christine.png\" data-attachment-id=\"1038\"  alt=\"\" title=\"christine\" \/><\/div><\/div><figcaption hidden=\"\"><\/figcaption><\/figure><\/div><\/div><div class=\"vce-text-block\"><div class=\"vce-text-block-wrapper vce\" id=\"el-bc737c6f\" data-vce-do-apply=\"all el-bc737c6f\"><h4 style=\"text-align: center;\">Christine CHALTIN<\/h4>\n<p style=\"text-align: center;\">Tr\u00e9sori\u00e8re<\/p>\n<p style=\"text-align: center;\"><a href=\"mailto:tresorerie.mcr.deuxdendres@croix-rouge.be\">tresorerie.mcr.deuxdendres@croix-rouge.be<\/a><\/p><\/div><\/div><\/div><\/div><\/div><\/div><\/div><\/div><div class=\"vce-row-container\" data-vce-boxed-width=\"true\"><div class=\"vce-row vce-row--col-gap-30 vce-row-equal-height vce-row-content--top\" id=\"el-c7cd853d\" data-vce-do-apply=\"all el-c7cd853d\"><div class=\"vce-row-content\" data-vce-element-content=\"true\"><div class=\"vce-col vce-col--md-auto vce-col--xs-1 vce-col--xs-last vce-col--xs-first vce-col--sm-last vce-col--sm-first vce-col--md-last vce-col--lg-last vce-col--xl-last vce-col--md-first vce-col--lg-first vce-col--xl-first\" id=\"el-b885cdf4\"><div class=\"vce-col-inner\" data-vce-do-apply=\"border margin background  el-b885cdf4\"><div class=\"vce-col-content\" data-vce-element-content=\"true\" data-vce-do-apply=\"padding el-b885cdf4\"><div class=\"vce-text-block\"><div class=\"vce-text-block-wrapper vce\" id=\"el-46242693\" data-vce-do-apply=\"all el-46242693\"><\/div><\/div><div class=\"vce-text-block\"><div class=\"vce-text-block-wrapper vce\" id=\"el-52d31926\" data-vce-do-apply=\"all el-52d31926\"><h2 style=\"text-align: center;\">Rendez-vous<\/h2><p style=\"text-align: center;\">Vous pouvez solliciter une entrevue en prenant directement contact avec le membre du Comit\u00e9 que vous voulez rencontrer<br>mais aussi directement depuis la page suivante : <a href=\"https:\/\/mcr.croixrougeath.be\/rdv\" target=\"_blank\" rel=\"noopener\">Prise de rendez-vous<\/a><\/p><\/div><\/div><\/div><\/div><\/div><\/div><\/div><\/div>\n","protected":false},"excerpt":{"rendered":"<p>Comit\u00e9 restreint de la Maison Croix-Rouge&nbsp;&nbsp;C\u00e9cile&nbsp;H\u00c9BETTEPr\u00e9sident(e)presidence.mcr.deuxdendres@croix-rouge.be&nbsp;&nbsp;Rosine LAIGNEAUX Vice-Pr\u00e9sidente v-presidence.mcr.deuxdendres@croix-rouge.be&nbsp;&nbsp;Sonia PREVOST Secr\u00e9taire secretariat.mcr.deuxdendres@croix-rouge.be&nbsp;&nbsp;Christine CHALTIN Tr\u00e9sori\u00e8re tresorerie.mcr.deuxdendres@croix-rouge.beRendez-vousVous pouvez solliciter une entrevue en prenant directement contact avec le membre du Comit\u00e9 que vous voulez rencontrermais aussi directement depuis la page suivante : Prise de rendez-vous<\/p>\n","protected":false},"author":1,"featured_media":0,"parent":0,"menu_order":0,"comment_status":"closed","ping_status":"closed","template":"","meta":{"footnotes":""},"class_list":["post-425","page","type-page","status-publish","hentry"],"_links":{"self":[{"href":"https:\/\/site.croixrougeath.be\/index.php\/wp-json\/wp\/v2\/pages\/425","targetHints":{"allow":["GET"]}}],"collection":[{"href":"https:\/\/site.croixrougeath.be\/index.php\/wp-json\/wp\/v2\/pages"}],"about":[{"href":"https:\/\/site.croixrougeath.be\/index.php\/wp-json\/wp\/v2\/types\/page"}],"author":[{"embeddable":true,"href":"https:\/\/site.croixrougeath.be\/index.php\/wp-json\/wp\/v2\/users\/1"}],"replies":[{"embeddable":true,"href":"https:\/\/site.croixrougeath.be\/index.php\/wp-json\/wp\/v2\/comments?post=425"}],"version-history":[{"count":3,"href":"https:\/\/site.croixrougeath.be\/index.php\/wp-json\/wp\/v2\/pages\/425\/revisions"}],"predecessor-version":[{"id":1042,"href":"https:\/\/site.croixrougeath.be\/index.php\/wp-json\/wp\/v2\/pages\/425\/revisions\/1042"}],"wp:attachment":[{"href":"https:\/\/site.croixrougeath.be\/index.php\/wp-json\/wp\/v2\/media?parent=425"}],"curies":[{"name":"wp","href":"https:\/\/api.w.org\/{rel}","templated":true}]}}