{"id":587,"date":"2020-11-15T14:03:14","date_gmt":"2020-11-15T14:03:14","guid":{"rendered":"http:\/\/site.croixrougeath.be\/?page_id=587"},"modified":"2022-07-20T15:26:11","modified_gmt":"2022-07-20T13:26:11","slug":"bonnes-affaires","status":"publish","type":"page","link":"https:\/\/site.croixrougeath.be\/index.php\/bonnes-affaires\/","title":{"rendered":"Le coin des bonnes affaires"},"content":{"rendered":"<div class=\"vce-row-container\" data-vce-boxed-width=\"true\"><div class=\"vce-row vce-row--col-gap-30 vce-row-equal-height vce-row-content--top\" id=\"el-dbb79248\" data-vce-do-apply=\"all el-dbb79248\"><div class=\"vce-row-content\" data-vce-element-content=\"true\"><div class=\"vce-col vce-col--md-auto vce-col--xs-1 vce-col--xs-last vce-col--xs-first vce-col--sm-last vce-col--sm-first vce-col--md-last vce-col--lg-last vce-col--xl-last vce-col--md-first vce-col--lg-first vce-col--xl-first\" id=\"el-869055a5\"><div class=\"vce-col-inner\" data-vce-do-apply=\"border margin background  el-869055a5\"><div class=\"vce-col-content\" data-vce-element-content=\"true\" data-vce-do-apply=\"padding el-869055a5\"><div class=\"vce-text-block\"><div class=\"vce-text-block-wrapper vce\" id=\"el-7617fae6\" data-vce-do-apply=\"all el-7617fae6\"><h1 style=\"text-align: center;\"><span style=\"color: #ff0000;\">SLMP - Mat\u00e9riel \u00e0 vendre<\/span><\/h1><p>&nbsp;<\/p><\/div><\/div><\/div><\/div><\/div><\/div><\/div><\/div><div class=\"vce-row-container\" data-vce-boxed-width=\"true\"><div class=\"vce-row vce-row--col-gap-30 vce-row-equal-height vce-row-content--top\" id=\"el-48574fda\" data-vce-do-apply=\"all el-48574fda\"><div class=\"vce-row-content\" data-vce-element-content=\"true\"><div class=\"vce-col vce-col--md-auto vce-col--xs-1 vce-col--xs-last vce-col--xs-first vce-col--sm-last vce-col--sm-first vce-col--md-first vce-col--lg-first vce-col--xl-first\" id=\"el-4ccb86f0\"><div class=\"vce-col-inner\" data-vce-do-apply=\"border margin background  el-4ccb86f0\"><div class=\"vce-col-content\" data-vce-element-content=\"true\" data-vce-do-apply=\"padding el-4ccb86f0\"><div class=\"vce-single-image-container vce-single-image--align-left\"><div class=\"vce vce-single-image-wrapper\" id=\"el-76a53018\" data-vce-do-apply=\"all el-76a53018\"><figure><div class=\"vce-single-image-figure-inner\" style=\"width: 640px;\"><div class=\"vce-single-image-inner vce-single-image--absolute\" style=\"width: 100%; padding-bottom: 75%;\"><img loading=\"lazy\" decoding=\"async\" class=\"vce-single-image\"  width=\"640\" height=\"480\" srcset=\"https:\/\/site.croixrougeath.be\/wp-content\/uploads\/2022\/07\/IMG_6265-320x240.jpg 320w, https:\/\/site.croixrougeath.be\/wp-content\/uploads\/2022\/07\/IMG_6265-480x360.jpg 480w, https:\/\/site.croixrougeath.be\/wp-content\/uploads\/2022\/07\/IMG_6265-640x480.jpg 640w\" src=\"https:\/\/site.croixrougeath.be\/wp-content\/uploads\/2022\/07\/IMG_6265-640x480.jpg\" data-img-src=\"https:\/\/site.croixrougeath.be\/wp-content\/uploads\/2022\/07\/IMG_6265.jpg\" data-attachment-id=\"860\"  alt=\"\" title=\"IMG_6265\" \/><\/div><\/div><figcaption hidden=\"\"><\/figcaption><\/figure><\/div><\/div><\/div><\/div><\/div><div class=\"vce-col vce-col--md-auto vce-col--xs-1 vce-col--xs-last vce-col--xs-first vce-col--sm-last vce-col--sm-first\" id=\"el-5a812e1c\"><div class=\"vce-col-inner\" data-vce-do-apply=\"border margin background  el-5a812e1c\"><div class=\"vce-col-content\" data-vce-element-content=\"true\" data-vce-do-apply=\"padding el-5a812e1c\"><div class=\"vce-text-block\"><div class=\"vce-text-block-wrapper vce\" id=\"el-eb6471b2\" data-vce-do-apply=\"all el-eb6471b2\"><h2>Chaise roulante<\/h2><ul><li>Appui-t\u00eate<\/li><li>Repose-pieds relevables \u00e0 l'horizontale<\/li><li>Coussin d'assise<\/li><\/ul><p>Prix demand\u00e9 : 100 \u20ac<\/p><p><a href=\"https:\/\/site.croixrougeath.be\/index.php\/bonnes-affaires\/bonnes-affaires-contacts\/\">Plus d'infos<\/a><\/p><\/div><\/div><\/div><\/div><\/div><div class=\"vce-col vce-col--md-auto vce-col--xs-1 vce-col--xs-last vce-col--xs-first vce-col--sm-last vce-col--sm-first vce-col--md-last vce-col--lg-last vce-col--xl-last\" id=\"el-cac2af8c\"><div class=\"vce-col-inner\" data-vce-do-apply=\"border margin background  el-cac2af8c\"><div class=\"vce-col-content\" data-vce-element-content=\"true\" data-vce-do-apply=\"padding el-cac2af8c\"><div class=\"vce-single-image-container vce-single-image--align-left\"><div class=\"vce vce-single-image-wrapper\" id=\"el-e09e06c0\" data-vce-do-apply=\"all el-e09e06c0\"><figure><div class=\"vce-single-image-figure-inner\" style=\"width: 640px;\"><div class=\"vce-single-image-inner vce-single-image--absolute\" style=\"width: 100%; padding-bottom: 75%;\"><img loading=\"lazy\" decoding=\"async\" class=\"vce-single-image\"  width=\"640\" height=\"480\" srcset=\"https:\/\/site.croixrougeath.be\/wp-content\/uploads\/2022\/07\/IMG_6266-320x240.jpg 320w, https:\/\/site.croixrougeath.be\/wp-content\/uploads\/2022\/07\/IMG_6266-480x360.jpg 480w, https:\/\/site.croixrougeath.be\/wp-content\/uploads\/2022\/07\/IMG_6266-640x480.jpg 640w\" src=\"https:\/\/site.croixrougeath.be\/wp-content\/uploads\/2022\/07\/IMG_6266-640x480.jpg\" data-img-src=\"https:\/\/site.croixrougeath.be\/wp-content\/uploads\/2022\/07\/IMG_6266.jpg\" data-attachment-id=\"855\"  alt=\"\" title=\"IMG_6266\" \/><\/div><\/div><figcaption hidden=\"\"><\/figcaption><\/figure><\/div><\/div><\/div><\/div><\/div><\/div><\/div><\/div><div class=\"vce-row-container\" data-vce-boxed-width=\"true\"><div class=\"vce-row vce-row--col-gap-30 vce-row-equal-height vce-row-content--top\" id=\"el-98d02043\" data-vce-do-apply=\"all el-98d02043\"><div class=\"vce-row-content\" data-vce-element-content=\"true\"><div class=\"vce-col vce-col--md-auto vce-col--xs-1 vce-col--xs-last vce-col--xs-first vce-col--sm-last vce-col--sm-first vce-col--md-last vce-col--lg-last vce-col--xl-last vce-col--md-first vce-col--lg-first vce-col--xl-first\" id=\"el-8a52e94e\"><div class=\"vce-col-inner\" data-vce-do-apply=\"border margin background  el-8a52e94e\"><div class=\"vce-col-content\" data-vce-element-content=\"true\" data-vce-do-apply=\"padding el-8a52e94e\"><div class=\"vce vce-separator-container vce-separator--align-center vce-separator--style-solid\" id=\"el-e4041361\" data-vce-do-apply=\"margin el-e4041361\"><div class=\"vce-separator vce-separator--color-bfc0c1 vce-separator--width-60 vce-separator--thickness-1\" data-vce-do-apply=\"border padding background  el-e4041361\"><\/div><\/div><\/div><\/div><\/div><\/div><\/div><\/div>\n","protected":false},"excerpt":{"rendered":"<p>SLMP &#8211; Mat\u00e9riel \u00e0 vendre&nbsp;Chaise roulanteAppui-t\u00eateRepose-pieds relevables \u00e0 l&rsquo;horizontaleCoussin d&rsquo;assisePrix demand\u00e9 : 100 \u20acPlus d&rsquo;infos<\/p>\n","protected":false},"author":1,"featured_media":594,"parent":0,"menu_order":0,"comment_status":"closed","ping_status":"closed","template":"","meta":{"footnotes":""},"class_list":["post-587","page","type-page","status-publish","has-post-thumbnail","hentry"],"_links":{"self":[{"href":"https:\/\/site.croixrougeath.be\/index.php\/wp-json\/wp\/v2\/pages\/587","targetHints":{"allow":["GET"]}}],"collection":[{"href":"https:\/\/site.croixrougeath.be\/index.php\/wp-json\/wp\/v2\/pages"}],"about":[{"href":"https:\/\/site.croixrougeath.be\/index.php\/wp-json\/wp\/v2\/types\/page"}],"author":[{"embeddable":true,"href":"https:\/\/site.croixrougeath.be\/index.php\/wp-json\/wp\/v2\/users\/1"}],"replies":[{"embeddable":true,"href":"https:\/\/site.croixrougeath.be\/index.php\/wp-json\/wp\/v2\/comments?post=587"}],"version-history":[{"count":0,"href":"https:\/\/site.croixrougeath.be\/index.php\/wp-json\/wp\/v2\/pages\/587\/revisions"}],"wp:featuredmedia":[{"embeddable":true,"href":"https:\/\/site.croixrougeath.be\/index.php\/wp-json\/wp\/v2\/media\/594"}],"wp:attachment":[{"href":"https:\/\/site.croixrougeath.be\/index.php\/wp-json\/wp\/v2\/media?parent=587"}],"curies":[{"name":"wp","href":"https:\/\/api.w.org\/{rel}","templated":true}]}}