{"id":591,"date":"2020-11-15T15:16:56","date_gmt":"2020-11-15T15:16:56","guid":{"rendered":"http:\/\/site.croixrougeath.be\/?page_id=591"},"modified":"2020-11-15T15:57:02","modified_gmt":"2020-11-15T15:57:02","slug":"bonnes-affaires-contacts","status":"publish","type":"page","link":"https:\/\/site.croixrougeath.be\/index.php\/bonnes-affaires\/bonnes-affaires-contacts\/","title":{"rendered":"Le coin des bonnes affaires &#8211; Contacts"},"content":{"rendered":"<div class=\"vce-row-container\"><div class=\"vce-row vce-row--col-gap-30 vce-row-columns--top vce-row-content--top\" id=\"el-acbbee64\" data-vce-do-apply=\"all el-acbbee64\"><div class=\"vce-row-content\" data-vce-element-content=\"true\"><div class=\"vce-col\" id=\"el-477beb9a\"><div class=\"vce-col-inner\" data-vce-do-apply=\"border margin background  el-477beb9a\"><div class=\"vce-col-content\" data-vce-element-content=\"true\" data-vce-do-apply=\"padding el-477beb9a\"><div class=\"vce-text-block\"><div class=\"vce-text-block-wrapper vce\" id=\"el-87410536\" data-vce-do-apply=\"all el-87410536\"><h3>Vous avez des questions sur un article ?<\/h3><h3>Vous envisager de l'acheter et aimeriez le r\u00e9server ?<\/h3><p>Prenez contact avec le responsable de l'activit\u00e9 concern\u00e9e (ci-dessous).<br>Il se fera un plaisir de vous r\u00e9pondre et conviendra avec vous des modalit\u00e9s.<\/p><\/div><\/div><div class=\"vce vce-separator-container vce-separator--align-center vce-separator--style-solid\" id=\"el-3ffbccdb\" data-vce-do-apply=\"margin el-3ffbccdb\"><div class=\"vce-separator vce-separator--color-bfc0c1 vce-separator--width-60 vce-separator--thickness-1\" data-vce-do-apply=\"border padding background  el-3ffbccdb\"><\/div><\/div><\/div><\/div><\/div><\/div><\/div><\/div><div class=\"vce-row-container\"><div class=\"vce-row vce-row--col-gap-30 vce-row-columns--top vce-row-content--top\" id=\"el-4e83b949\" data-vce-do-apply=\"all el-4e83b949\"><div class=\"vce-row-content\" data-vce-element-content=\"true\"><div class=\"vce-col vce-col--md-12-28p vce-col--xs-1 vce-col--xs-last vce-col--xs-first vce-col--sm-last vce-col--sm-first vce-col--md-first vce-col--lg-first vce-col--xl-first\" id=\"el-f390b4e8\"><div class=\"vce-col-inner\" data-vce-do-apply=\"border margin background  el-f390b4e8\"><div class=\"vce-col-content\" data-vce-element-content=\"true\" data-vce-do-apply=\"padding el-f390b4e8\"><div class=\"vce-single-image-container vce-single-image--align-left\"><div class=\"vce vce-single-image-wrapper\" id=\"el-f9ad7873\" data-vce-do-apply=\"all el-f9ad7873\"><figure><div class=\"vce-single-image-inner vce-single-image--absolute\" style=\"padding-bottom: 87%; width: 100px;\"><img class=\"vce-single-image\" width=\"100\" height=\"87\"src=\"https:\/\/site.croixrougeath.be\/wp-content\/uploads\/2020\/11\/vestiboutique-100x87-1-100x87.png\" srcset=\"https:\/\/site.croixrougeath.be\/wp-content\/uploads\/2020\/11\/vestiboutique-100x87-1-100x87.png 100w\" data-img-src=\"https:\/\/site.croixrougeath.be\/wp-content\/uploads\/2020\/02\/vestiboutique-100x87-1.png\" alt=\"\" title=\"vestiboutique-100x87\"\/><\/div><\/figure><\/div><\/div><\/div><\/div><\/div><div class=\"vce-col vce-col--md-24-97p vce-col--xs-1 vce-col--xs-last vce-col--xs-first vce-col--sm-last vce-col--sm-first\" id=\"el-84683b5f\"><div class=\"vce-col-inner\" data-vce-do-apply=\"border margin background  el-84683b5f\"><div class=\"vce-col-content\" data-vce-element-content=\"true\" data-vce-do-apply=\"padding el-84683b5f\"><div class=\"vce-text-block\"><div class=\"vce-text-block-wrapper vce\" id=\"el-5972a53f\" data-vce-do-apply=\"all el-5972a53f\"><h2>Vestiboutique<\/h2><ul><li>Jouets<\/li><li>Pu\u00e9riculture<\/li><li>Livres<\/li><li>V\u00eatements<\/li><\/ul><\/div><\/div><\/div><\/div><\/div><div class=\"vce-col vce-col--md-62-7p vce-col--xs-1 vce-col--xs-last vce-col--xs-first vce-col--sm-last vce-col--sm-first vce-col--md-last vce-col--lg-last vce-col--xl-last\" id=\"el-ea666751\"><div class=\"vce-col-inner\" data-vce-do-apply=\"border margin background  el-ea666751\"><div class=\"vce-col-content\" data-vce-element-content=\"true\" data-vce-do-apply=\"padding el-ea666751\"><div class=\"vce-row-container\"><div class=\"vce-row vce-row--col-gap-30 vce-row-columns--top vce-row-content--top\" id=\"el-c34ad123\" data-vce-do-apply=\"all el-c34ad123\"><div class=\"vce-row-content\" data-vce-element-content=\"true\"><div class=\"vce-col vce-col--md-20-05p vce-col--xs-1 vce-col--xs-last vce-col--xs-first vce-col--sm-last vce-col--sm-first vce-col--md-first vce-col--lg-first vce-col--xl-first\" id=\"el-5eff9b69\"><div class=\"vce-col-inner\" data-vce-do-apply=\"border margin background  el-5eff9b69\"><div class=\"vce-col-content\" data-vce-element-content=\"true\" data-vce-do-apply=\"padding el-5eff9b69\"><div class=\"vce-single-image-container vce-single-image--align-center\"><div class=\"vce vce-single-image-wrapper\" id=\"el-08e2dd59\" data-vce-do-apply=\"all el-08e2dd59\"><figure><div class=\"vce-single-image-inner vce-single-image--absolute\" style=\"padding-bottom: 100%; width: 32px;\"><img class=\"vce-single-image\" width=\"32\" height=\"32\"src=\"https:\/\/site.croixrougeath.be\/wp-content\/uploads\/2020\/11\/picto-phone-32x32.png\" srcset=\"https:\/\/site.croixrougeath.be\/wp-content\/uploads\/2020\/11\/picto-phone-32x32.png 32w\" data-img-src=\"https:\/\/site.croixrougeath.be\/wp-content\/uploads\/2020\/02\/picto-phone.png\" alt=\"\" title=\"picto-phone\"\/><\/div><\/figure><\/div><\/div><\/div><\/div><\/div><div class=\"vce-col vce-col--md-79-78p vce-col--xs-1 vce-col--xs-last vce-col--xs-first vce-col--sm-last vce-col--sm-first vce-col--md-last vce-col--lg-last vce-col--xl-last\" id=\"el-52b44182\"><div class=\"vce-col-inner\" data-vce-do-apply=\"border margin background  el-52b44182\"><div class=\"vce-col-content\" data-vce-element-content=\"true\" data-vce-do-apply=\"padding el-52b44182\"><div class=\"vce-text-block\"><div class=\"vce-text-block-wrapper vce\" id=\"el-580d40c3\" data-vce-do-apply=\"all el-580d40c3\"><h4><span style=\"color: #d80000;\">068 \/ 33 48 38 &nbsp;ext &nbsp;6<\/span><\/h4><\/div><\/div><\/div><\/div><\/div><\/div><\/div><\/div><div class=\"vce-row-container\"><div class=\"vce-row vce-row--col-gap-30 vce-row-columns--top vce-row-content--top\" id=\"el-076ee049\" data-vce-do-apply=\"all el-076ee049\"><div class=\"vce-row-content\" data-vce-element-content=\"true\"><div class=\"vce-col vce-col--md-20-05p vce-col--xs-1 vce-col--xs-last vce-col--xs-first vce-col--sm-last vce-col--sm-first vce-col--md-first vce-col--lg-first vce-col--xl-first\" id=\"el-db48ed20\"><div class=\"vce-col-inner\" data-vce-do-apply=\"border margin background  el-db48ed20\"><div class=\"vce-col-content\" data-vce-element-content=\"true\" data-vce-do-apply=\"padding el-db48ed20\"><div class=\"vce-single-image-container vce-single-image--align-center\"><div class=\"vce vce-single-image-wrapper\" id=\"el-48c86de3\" data-vce-do-apply=\"all el-48c86de3\"><figure><div class=\"vce-single-image-inner vce-single-image--absolute\" style=\"padding-bottom: 100%; width: 32px;\"><img class=\"vce-single-image\" width=\"32\" height=\"32\"src=\"https:\/\/site.croixrougeath.be\/wp-content\/uploads\/2020\/11\/picto-mail-32x32.png\" srcset=\"https:\/\/site.croixrougeath.be\/wp-content\/uploads\/2020\/11\/picto-mail-32x32.png 32w\" data-img-src=\"https:\/\/site.croixrougeath.be\/wp-content\/uploads\/2020\/02\/picto-mail.png\" alt=\"\" title=\"picto-mail\"\/><\/div><\/figure><\/div><\/div><\/div><\/div><\/div><div class=\"vce-col vce-col--md-79-78p vce-col--xs-1 vce-col--xs-last vce-col--xs-first vce-col--sm-last vce-col--sm-first vce-col--md-last vce-col--lg-last vce-col--xl-last\" id=\"el-d840ea50\"><div class=\"vce-col-inner\" data-vce-do-apply=\"border margin background  el-d840ea50\"><div class=\"vce-col-content\" data-vce-element-content=\"true\" data-vce-do-apply=\"padding el-d840ea50\"><div class=\"vce-text-block\"><div class=\"vce-text-block-wrapper vce\" id=\"el-512a1580\" data-vce-do-apply=\"all el-512a1580\"><h4><a href=\"mailto:vestiboutique.mcr.deuxdendres@croix-rouge.be\"><span style=\"color: #d80000;\">vestiboutique.mcr.deuxdendres@croix-rouge.be<\/span><\/a><\/h4><\/div><\/div><\/div><\/div><\/div><\/div><\/div><\/div><\/div><\/div><\/div><\/div><\/div><\/div><div class=\"vce-row-container\"><div class=\"vce-row vce-row--col-gap-30 vce-row-columns--top vce-row-content--top\" id=\"el-f048c7e5\" data-vce-do-apply=\"all el-f048c7e5\"><div class=\"vce-row-content\" data-vce-element-content=\"true\"><div class=\"vce-col\" id=\"el-96428473\"><div class=\"vce-col-inner\" data-vce-do-apply=\"border margin background  el-96428473\"><div class=\"vce-col-content\" data-vce-element-content=\"true\" data-vce-do-apply=\"padding el-96428473\"><div class=\"vce vce-separator-container vce-separator--align-center vce-separator--style-solid\" id=\"el-61b05f61\" data-vce-do-apply=\"margin el-61b05f61\"><div class=\"vce-separator vce-separator--color-bfc0c1 vce-separator--width-60 vce-separator--thickness-1\" data-vce-do-apply=\"border padding background  el-61b05f61\"><\/div><\/div><\/div><\/div><\/div><\/div><\/div><\/div><div class=\"vce-row-container\"><div class=\"vce-row vce-row--col-gap-30 vce-row-columns--top vce-row-content--top\" id=\"el-4ad4c2a7\" data-vce-do-apply=\"all el-4ad4c2a7\"><div class=\"vce-row-content\" data-vce-element-content=\"true\"><div class=\"vce-col vce-col--md-12-26p vce-col--xs-1 vce-col--xs-last vce-col--xs-first vce-col--sm-last vce-col--sm-first vce-col--md-first vce-col--lg-first vce-col--xl-first\" id=\"el-d6306351\"><div class=\"vce-col-inner\" data-vce-do-apply=\"border margin background  el-d6306351\"><div class=\"vce-col-content\" data-vce-element-content=\"true\" data-vce-do-apply=\"padding el-d6306351\"><div class=\"vce-single-image-container vce-single-image--align-left\"><div class=\"vce vce-single-image-wrapper\" id=\"el-10d86124\" data-vce-do-apply=\"all el-10d86124\"><figure><div class=\"vce-single-image-inner vce-single-image--absolute\" style=\"padding-bottom: 87%; width: 100px;\"><img class=\"vce-single-image\" width=\"100\" height=\"87\"src=\"https:\/\/site.croixrougeath.be\/wp-content\/uploads\/2020\/11\/location-de-materiel-100x87-1-100x87.png\" srcset=\"https:\/\/site.croixrougeath.be\/wp-content\/uploads\/2020\/11\/location-de-materiel-100x87-1-100x87.png 100w\" data-img-src=\"https:\/\/site.croixrougeath.be\/wp-content\/uploads\/2020\/02\/location-de-materiel-100x87-1.png\" alt=\"\" title=\"location-de-materiel-100x87\"\/><\/div><\/figure><\/div><\/div><\/div><\/div><\/div><div class=\"vce-col vce-col--md-25-00p vce-col--xs-1 vce-col--xs-last vce-col--xs-first vce-col--sm-last vce-col--sm-first\" id=\"el-bd762341\"><div class=\"vce-col-inner\" data-vce-do-apply=\"border margin background  el-bd762341\"><div class=\"vce-col-content\" data-vce-element-content=\"true\" data-vce-do-apply=\"padding el-bd762341\"><div class=\"vce-text-block\"><div class=\"vce-text-block-wrapper vce\" id=\"el-b037ab00\" data-vce-do-apply=\"all el-b037ab00\"><h2>SLMP<\/h2><ul><li>Mat\u00e9riel param\u00e9dical<\/li><\/ul><\/div><\/div><\/div><\/div><\/div><div class=\"vce-col vce-col--md-62-68p vce-col--xs-1 vce-col--xs-last vce-col--xs-first vce-col--sm-last vce-col--sm-first vce-col--md-last vce-col--lg-last vce-col--xl-last\" id=\"el-8bee315c\"><div class=\"vce-col-inner\" data-vce-do-apply=\"border margin background  el-8bee315c\"><div class=\"vce-col-content\" data-vce-element-content=\"true\" data-vce-do-apply=\"padding el-8bee315c\"><div class=\"vce-row-container\"><div class=\"vce-row vce-row--col-gap-30 vce-row-columns--top vce-row-content--top\" id=\"el-a5fe4e07\" data-vce-do-apply=\"all el-a5fe4e07\"><div class=\"vce-row-content\" data-vce-element-content=\"true\"><div class=\"vce-col vce-col--md-20-07p vce-col--xs-1 vce-col--xs-last vce-col--xs-first vce-col--sm-last vce-col--sm-first vce-col--md-first vce-col--lg-first vce-col--xl-first\" id=\"el-425c01ff\"><div class=\"vce-col-inner\" data-vce-do-apply=\"border margin background  el-425c01ff\"><div class=\"vce-col-content\" data-vce-element-content=\"true\" data-vce-do-apply=\"padding el-425c01ff\"><div class=\"vce-single-image-container vce-single-image--align-center\"><div class=\"vce vce-single-image-wrapper\" id=\"el-10672054\" data-vce-do-apply=\"all el-10672054\"><figure><div class=\"vce-single-image-inner vce-single-image--absolute\" style=\"padding-bottom: 100%; width: 32px;\"><img class=\"vce-single-image\" width=\"32\" height=\"32\"src=\"https:\/\/site.croixrougeath.be\/wp-content\/uploads\/2020\/11\/picto-phone-32x32.png\" srcset=\"https:\/\/site.croixrougeath.be\/wp-content\/uploads\/2020\/11\/picto-phone-32x32.png 32w\" data-img-src=\"https:\/\/site.croixrougeath.be\/wp-content\/uploads\/2020\/02\/picto-phone.png\" alt=\"\" title=\"picto-phone\"\/><\/div><\/figure><\/div><\/div><\/div><\/div><\/div><div class=\"vce-col vce-col--md-79-66p vce-col--xs-1 vce-col--xs-last vce-col--xs-first vce-col--sm-last vce-col--sm-first vce-col--md-last vce-col--lg-last vce-col--xl-last\" id=\"el-c7394ef5\"><div class=\"vce-col-inner\" data-vce-do-apply=\"border margin background  el-c7394ef5\"><div class=\"vce-col-content\" data-vce-element-content=\"true\" data-vce-do-apply=\"padding el-c7394ef5\"><div class=\"vce-text-block\"><div class=\"vce-text-block-wrapper vce\" id=\"el-c88c92d1\" data-vce-do-apply=\"all el-c88c92d1\"><h4><span style=\"color: #d80000;\">068 \/ 33 48 38 &nbsp;ext &nbsp;2<\/span><\/h4><\/div><div class=\"vce-text-block-wrapper vce\" id=\"\" data-vce-do-apply=\"all el-c88c92d1\" style=\"height: 0px; width: 0px; overflow: hidden; position: fixed; bottom: 0px; right: 0px;\"><h4><span style=\"color: #d80000;\">068 \/ 33 48 38 &nbsp;ext &nbsp;2<\/span><\/h4><\/div><div class=\"vce-text-block-wrapper vce\" id=\"\" data-vce-do-apply=\"all el-c88c92d1\" style=\"height: 0px; width: 0px; overflow: hidden; position: fixed; bottom: 0px; right: 0px;\"><h4><span style=\"color: #d80000;\">068 \/ 33 48 38 &nbsp;ext &nbsp;2<\/span><\/h4><\/div><\/div><\/div><\/div><\/div><\/div><\/div><\/div><div class=\"vce-row-container\"><div class=\"vce-row vce-row--col-gap-30 vce-row-columns--top vce-row-content--top\" id=\"el-02fa46eb\" data-vce-do-apply=\"all el-02fa46eb\"><div class=\"vce-row-content\" data-vce-element-content=\"true\"><div class=\"vce-col vce-col--md-19-99p vce-col--xs-1 vce-col--xs-last vce-col--xs-first vce-col--sm-last vce-col--sm-first vce-col--md-first vce-col--lg-first vce-col--xl-first\" id=\"el-5757f7a1\"><div class=\"vce-col-inner\" data-vce-do-apply=\"border margin background  el-5757f7a1\"><div class=\"vce-col-content\" data-vce-element-content=\"true\" data-vce-do-apply=\"padding el-5757f7a1\"><div class=\"vce-single-image-container vce-single-image--align-center\"><div class=\"vce vce-single-image-wrapper\" id=\"el-d2335490\" data-vce-do-apply=\"all el-d2335490\"><figure><div class=\"vce-single-image-inner vce-single-image--absolute\" style=\"padding-bottom: 100%; width: 32px;\"><img class=\"vce-single-image\" width=\"32\" height=\"32\"src=\"https:\/\/site.croixrougeath.be\/wp-content\/uploads\/2020\/11\/picto-mail-32x32.png\" srcset=\"https:\/\/site.croixrougeath.be\/wp-content\/uploads\/2020\/11\/picto-mail-32x32.png 32w\" data-img-src=\"https:\/\/site.croixrougeath.be\/wp-content\/uploads\/2020\/02\/picto-mail.png\" alt=\"\" title=\"picto-mail\"\/><\/div><\/figure><\/div><\/div><\/div><\/div><\/div><div class=\"vce-col vce-col--md-79-75p vce-col--xs-1 vce-col--xs-last vce-col--xs-first vce-col--sm-last vce-col--sm-first vce-col--md-last vce-col--lg-last vce-col--xl-last\" id=\"el-374989d5\"><div class=\"vce-col-inner\" data-vce-do-apply=\"border margin background  el-374989d5\"><div class=\"vce-col-content\" data-vce-element-content=\"true\" data-vce-do-apply=\"padding el-374989d5\"><div class=\"vce-text-block\"><div class=\"vce-text-block-wrapper vce\" id=\"el-e624eb7d\" data-vce-do-apply=\"all el-e624eb7d\"><h4><a href=\"mailto:slmp.mcr.deuxdendres@croix-rouge.be\"><span style=\"color: #d80000;\">slmp.mcr.deuxdendres@croix-rouge.be<\/span><\/a><\/h4><\/div><\/div><\/div><\/div><\/div><\/div><\/div><\/div><\/div><\/div><\/div><\/div><\/div><\/div><div class=\"vce-row-container\"><div class=\"vce-row vce-row--col-gap-30 vce-row-columns--top vce-row-content--top\" id=\"el-f6d21253\" data-vce-do-apply=\"all el-f6d21253\"><div class=\"vce-row-content\" data-vce-element-content=\"true\"><div class=\"vce-col\" id=\"el-f5cd7d48\"><div class=\"vce-col-inner\" data-vce-do-apply=\"border margin background  el-f5cd7d48\"><div class=\"vce-col-content\" data-vce-element-content=\"true\" data-vce-do-apply=\"padding el-f5cd7d48\"><div class=\"vce vce-separator-container vce-separator--align-center vce-separator--style-solid\" id=\"el-ea010ba9\" data-vce-do-apply=\"margin el-ea010ba9\"><div class=\"vce-separator vce-separator--color-bfc0c1 vce-separator--width-60 vce-separator--thickness-1\" data-vce-do-apply=\"border padding background  el-ea010ba9\"><\/div><\/div><\/div><\/div><\/div><\/div><\/div><\/div>\n","protected":false},"excerpt":{"rendered":"<p>Vous avez des questions sur un article ?Vous envisager de l&rsquo;acheter et aimeriez le r\u00e9server ?Prenez contact avec le responsable de l&rsquo;activit\u00e9 concern\u00e9e (ci-dessous).Il se fera un plaisir de vous r\u00e9pondre et conviendra avec vous des modalit\u00e9s.VestiboutiqueJouetsPu\u00e9ricultureLivresV\u00eatements068 \/ 33 48 38 &nbsp;ext &nbsp;6vestiboutique.mcr.deuxdendres@croix-rouge.beSLMPMat\u00e9riel param\u00e9dical068 \/ 33 48 38 &nbsp;ext &nbsp;2068 \/ 33 48 38 &nbsp;ext&hellip; <br \/> <a class=\"read-more\" href=\"https:\/\/site.croixrougeath.be\/index.php\/bonnes-affaires\/bonnes-affaires-contacts\/\">Lire la suite<\/a><\/p>\n","protected":false},"author":1,"featured_media":594,"parent":587,"menu_order":0,"comment_status":"closed","ping_status":"closed","template":"","meta":{"footnotes":""},"class_list":["post-591","page","type-page","status-publish","has-post-thumbnail","hentry"],"_links":{"self":[{"href":"https:\/\/site.croixrougeath.be\/index.php\/wp-json\/wp\/v2\/pages\/591","targetHints":{"allow":["GET"]}}],"collection":[{"href":"https:\/\/site.croixrougeath.be\/index.php\/wp-json\/wp\/v2\/pages"}],"about":[{"href":"https:\/\/site.croixrougeath.be\/index.php\/wp-json\/wp\/v2\/types\/page"}],"author":[{"embeddable":true,"href":"https:\/\/site.croixrougeath.be\/index.php\/wp-json\/wp\/v2\/users\/1"}],"replies":[{"embeddable":true,"href":"https:\/\/site.croixrougeath.be\/index.php\/wp-json\/wp\/v2\/comments?post=591"}],"version-history":[{"count":0,"href":"https:\/\/site.croixrougeath.be\/index.php\/wp-json\/wp\/v2\/pages\/591\/revisions"}],"up":[{"embeddable":true,"href":"https:\/\/site.croixrougeath.be\/index.php\/wp-json\/wp\/v2\/pages\/587"}],"wp:featuredmedia":[{"embeddable":true,"href":"https:\/\/site.croixrougeath.be\/index.php\/wp-json\/wp\/v2\/media\/594"}],"wp:attachment":[{"href":"https:\/\/site.croixrougeath.be\/index.php\/wp-json\/wp\/v2\/media?parent=591"}],"curies":[{"name":"wp","href":"https:\/\/api.w.org\/{rel}","templated":true}]}}