{"id":727,"date":"2021-05-15T16:45:33","date_gmt":"2021-05-15T14:45:33","guid":{"rendered":"https:\/\/site.croixrougeath.be\/?page_id=727"},"modified":"2024-09-10T20:43:04","modified_gmt":"2024-09-10T18:43:04","slug":"hestia","status":"publish","type":"page","link":"https:\/\/site.croixrougeath.be\/index.php\/nos-activites\/hestia\/","title":{"rendered":"Visite \u00e0 domicile ou en maison de repos"},"content":{"rendered":"<div class=\"vce-row-container\" data-vce-boxed-width=\"true\"><div class=\"vce-row vce-row--col-gap-30 vce-row-equal-height vce-row-content--top\" id=\"el-393b1e48\" data-vce-do-apply=\"all el-393b1e48\"><div class=\"vce-row-content\" data-vce-element-content=\"true\"><div class=\"vce-col vce-col--md-auto vce-col--xs-1 vce-col--xs-last vce-col--xs-first vce-col--sm-last vce-col--sm-first vce-col--md-first vce-col--lg-first vce-col--xl-first\" id=\"el-52bc4643\"><div class=\"vce-col-inner\" data-vce-do-apply=\"border margin background  el-52bc4643\"><div class=\"vce-col-content\" data-vce-element-content=\"true\" data-vce-do-apply=\"padding el-52bc4643\"><div class=\"vce-single-image-container vce-single-image--align-center\"><div class=\"vce vce-single-image-wrapper\" id=\"el-1b9f3d50\" data-vce-do-apply=\"all el-1b9f3d50\"><figure><div class=\"vce-single-image-figure-inner\" style=\"width: 1024px;\"><div class=\"vce-single-image-inner vce-single-image--absolute\" style=\"width: 100%; padding-bottom: 66.796875%;\"><img loading=\"lazy\" decoding=\"async\" class=\"vce-single-image\"  width=\"1024\" height=\"684\" srcset=\"https:\/\/site.croixrougeath.be\/wp-content\/uploads\/2024\/09\/reliage-320x214.png 320w, https:\/\/site.croixrougeath.be\/wp-content\/uploads\/2024\/09\/reliage-480x321.png 480w, https:\/\/site.croixrougeath.be\/wp-content\/uploads\/2024\/09\/reliage-800x534.png 800w, https:\/\/site.croixrougeath.be\/wp-content\/uploads\/2024\/09\/reliage-1024x684.png 1024w\" src=\"https:\/\/site.croixrougeath.be\/wp-content\/uploads\/2024\/09\/reliage-1024x684.png\" data-img-src=\"https:\/\/site.croixrougeath.be\/wp-content\/uploads\/2024\/09\/reliage.png\" data-attachment-id=\"1022\"  alt=\"\" title=\"reliage\" \/><\/div><\/div><figcaption hidden=\"\"><\/figcaption><\/figure><\/div><\/div><\/div><\/div><\/div><div class=\"vce-col vce-col--md-auto vce-col--xs-1 vce-col--xs-last vce-col--xs-first vce-col--sm-last vce-col--sm-first vce-col--md-last vce-col--lg-last vce-col--xl-last\" id=\"el-4d03002c\"><div class=\"vce-col-inner\" data-vce-do-apply=\"border margin background  el-4d03002c\"><div class=\"vce-col-content\" data-vce-element-content=\"true\" data-vce-do-apply=\"padding el-4d03002c\"><div class=\"vce-text-block\"><div class=\"vce-text-block-wrapper vce\" id=\"el-a69a2293\" data-vce-do-apply=\"all el-a69a2293\"><p style=\"text-align: center;\">Vous aimeriez avoir de temps en temps une pr\u00e9sence conviviale \u00e0 domicile, sortir de chez vous plus souvent ou discuter et partager vos envies ?<\/p>\n<p style=\"text-align: center;\"><strong>Alors ce service est fait pour vous !<\/strong><\/p>\n<h3 style=\"text-align: center;\"><strong><span style=\"color: #ff0000;\">Reliage, qu'est-ce que c'est ?<\/span><\/strong><\/h3>\n<p style=\"text-align: center;\">Reliage est une activit\u00e9 d\u00e9velopp\u00e9e par la Croix-Rouge de Belgique. Elle vous permet de recevoir chaque semaine, chez vous ou en maison de repos, la visite d'un de nos b\u00e9n\u00e9voles. C'est l'occasion id\u00e9ale pour partager un moment convivial, un loisir, se promener ou pour bavarder, tout simplement.<\/p>\n<h3 style=\"text-align: center;\"><strong><span style=\"color: #ff0000;\">Qui sont nos b\u00e9n\u00e9voles ?<\/span><\/strong><\/h3>\n<p style=\"text-align: center;\">Recrut\u00e9s et form\u00e9s par la Croix-Rouge, nos b\u00e9n\u00e9voles offrent, gratuitement et en toute discr\u00e9tion, de leur temps libre pour \u00e9changer, apporter une \u00e9coute ou un soutien chaleureux \u00e0 celles et ceux qui en ressentent le besoin.<\/p><\/div><\/div><\/div><\/div><\/div><\/div><\/div><\/div><div class=\"vce-row-container\" data-vce-boxed-width=\"true\"><div class=\"vce-row vce-row--col-gap-30 vce-row-equal-height vce-row-content--top\" id=\"el-68cdc696\" data-vce-do-apply=\"all el-68cdc696\"><div class=\"vce-row-content\" data-vce-element-content=\"true\"><div class=\"vce-col vce-col--md-auto vce-col--xs-1 vce-col--xs-last vce-col--xs-first vce-col--sm-last vce-col--sm-first vce-col--md-first vce-col--lg-first vce-col--xl-first\" id=\"el-9452fa34\"><div class=\"vce-col-inner\" data-vce-do-apply=\"border margin background  el-9452fa34\"><div class=\"vce-col-content\" data-vce-element-content=\"true\" data-vce-do-apply=\"padding el-9452fa34\"><div class=\"vce-text-block\"><div class=\"vce-text-block-wrapper vce\" id=\"el-d2d5160f\" data-vce-do-apply=\"all el-d2d5160f\"><h3 style=\"text-align: center;\">Envie d'une visite ?<\/h3><h3 style=\"text-align: center;\">Besoin d'une information ?<\/h3><p style=\"text-align: center;\">Un simple coup de fil suffit,&nbsp;<\/p><p style=\"text-align: center;\"><strong>appelez-nous d\u00e8s maintenant !<\/strong><\/p><\/div><\/div><\/div><\/div><\/div><div class=\"vce-col vce-col--md-auto vce-col--xs-1 vce-col--xs-last vce-col--xs-first vce-col--sm-last vce-col--sm-first vce-col--md-last vce-col--lg-last vce-col--xl-last\" id=\"el-63f959f8\"><div class=\"vce-col-inner\" data-vce-do-apply=\"border margin background  el-63f959f8\"><div class=\"vce-col-content\" data-vce-element-content=\"true\" data-vce-do-apply=\"padding el-63f959f8\"><div class=\"vce-row-container\" data-vce-boxed-width=\"true\"><div class=\"vce-row vce-row--col-gap-30 vce-row-equal-height vce-row-content--top\" id=\"el-06bedad5\" data-vce-do-apply=\"all el-06bedad5\"><div class=\"vce-row-content\" data-vce-element-content=\"true\"><div class=\"vce-col vce-col--md-auto vce-col--xs-1 vce-col--xs-last vce-col--xs-first vce-col--sm-last vce-col--sm-first vce-col--md-last vce-col--lg-last vce-col--xl-last vce-col--md-first vce-col--lg-first vce-col--xl-first\" id=\"el-46bf96d2\"><div class=\"vce-col-inner\" data-vce-do-apply=\"border margin background  el-46bf96d2\"><div class=\"vce-col-content\" data-vce-element-content=\"true\" data-vce-do-apply=\"padding el-46bf96d2\"><div class=\"vce-row-container\" data-vce-boxed-width=\"true\"><div class=\"vce-row vce-row--col-gap-30 vce-row-equal-height vce-row-content--top\" id=\"el-2721ead6\" data-vce-do-apply=\"all el-2721ead6\"><div class=\"vce-row-content\" data-vce-element-content=\"true\"><div class=\"vce-col vce-col--md-42-33p vce-col--xs-1 vce-col--xs-last vce-col--xs-first vce-col--sm-last vce-col--sm-first vce-col--md-first vce-col--lg-first vce-col--xl-first\" id=\"el-2a06c65d\"><div class=\"vce-col-inner\" data-vce-do-apply=\"border margin background  el-2a06c65d\"><div class=\"vce-col-content\" data-vce-element-content=\"true\" data-vce-do-apply=\"padding el-2a06c65d\"><div class=\"vcv-row-control-wrapper\"><\/div><\/div><\/div><\/div><div class=\"vce-col vce-col--md-57-56p vce-col--xs-1 vce-col--xs-last vce-col--xs-first vce-col--sm-last vce-col--sm-first vce-col--md-last vce-col--lg-last vce-col--xl-last\" id=\"el-45238488\"><div class=\"vce-col-inner\" data-vce-do-apply=\"border margin background  el-45238488\"><div class=\"vce-col-content\" data-vce-element-content=\"true\" data-vce-do-apply=\"padding el-45238488\"><div class=\"vcv-row-control-wrapper\"><\/div><\/div><\/div><\/div><\/div><\/div><\/div><div class=\"vce-row-container\" data-vce-boxed-width=\"true\"><div class=\"vce-row vce-row--col-gap-30 vce-row-equal-height vce-row-content--top\" id=\"el-6eb414b4\" data-vce-do-apply=\"all el-6eb414b4\"><div class=\"vce-row-content\" data-vce-element-content=\"true\"><div class=\"vce-col vce-col--md-17-03p vce-col--xs-1 vce-col--xs-last vce-col--xs-first vce-col--sm-last vce-col--sm-first vce-col--md-first vce-col--lg-first vce-col--xl-first\" id=\"el-70613b0f\"><div class=\"vce-col-inner\" data-vce-do-apply=\"border margin background  el-70613b0f\"><div class=\"vce-col-content\" data-vce-element-content=\"true\" data-vce-do-apply=\"padding el-70613b0f\"><div class=\"vce-row-container\" data-vce-boxed-width=\"true\"><div class=\"vce-row vce-row--col-gap-30 vce-row-equal-height vce-row-content--top\" id=\"el-a47b3877\" data-vce-do-apply=\"all el-a47b3877\"><div class=\"vce-row-content\" data-vce-element-content=\"true\"><div class=\"vce-col vce-col--md-auto vce-col--xs-1 vce-col--xs-last vce-col--xs-first vce-col--sm-last vce-col--sm-first vce-col--md-last vce-col--lg-last vce-col--xl-last vce-col--md-first vce-col--lg-first vce-col--xl-first\" id=\"el-3668c7c7\"><div class=\"vce-col-inner\" data-vce-do-apply=\"border margin background  el-3668c7c7\"><div class=\"vce-col-content\" data-vce-element-content=\"true\" data-vce-do-apply=\"padding el-3668c7c7\"><div class=\"vce-single-image-container vce-single-image--align-left\"><div class=\"vce vce-single-image-wrapper\" id=\"el-2ba1ca57\" data-vce-do-apply=\"all el-2ba1ca57\"><figure><div class=\"vce-single-image-figure-inner\" style=\"width: 32px;\"><div class=\"vce-single-image-inner vce-single-image--absolute\" style=\"width: 100%; padding-bottom: 100%;\"><img loading=\"lazy\" decoding=\"async\" class=\"vce-single-image\"  width=\"32\" height=\"32\" srcset=\"https:\/\/site.croixrougeath.be\/wp-content\/uploads\/2024\/09\/picto-mail-320x320.png 320w, https:\/\/site.croixrougeath.be\/wp-content\/uploads\/2024\/09\/picto-mail-480x480.png 480w, https:\/\/site.croixrougeath.be\/wp-content\/uploads\/2024\/09\/picto-mail-800x800.png 800w, https:\/\/site.croixrougeath.be\/wp-content\/uploads\/2024\/09\/picto-mail-32x32.png 32w, https:\/\/site.croixrougeath.be\/wp-content\/uploads\/2024\/09\/picto-mail-64x64.png 2x\" src=\"https:\/\/site.croixrougeath.be\/wp-content\/uploads\/2024\/09\/picto-mail-32x32.png\" data-img-src=\"https:\/\/site.croixrougeath.be\/wp-content\/uploads\/2020\/02\/picto-mail.png\" data-attachment-id=\"118\"  alt=\"\" title=\"picto-mail\" \/><\/div><\/div><figcaption hidden=\"\"><\/figcaption><\/figure><\/div><\/div><\/div><\/div><\/div><\/div><\/div><\/div><\/div><\/div><\/div><div class=\"vce-col vce-col--md-82-52p vce-col--xs-1 vce-col--xs-last vce-col--xs-first vce-col--sm-last vce-col--sm-first vce-col--md-last vce-col--lg-last vce-col--xl-last\" id=\"el-8bd5b893\"><div class=\"vce-col-inner\" data-vce-do-apply=\"border margin background  el-8bd5b893\"><div class=\"vce-col-content\" data-vce-element-content=\"true\" data-vce-do-apply=\"padding el-8bd5b893\"><div class=\"vce-text-block\"><div class=\"vce-text-block-wrapper vce\" id=\"el-10c931d0\" data-vce-do-apply=\"all el-10c931d0\"><h4><span style=\"color: #d80000;\"><a style=\"color: #d80000;\" href=\"mailto:hestia.mcr.deuxdendres@croix-rouge.be\">hestia.mcr.deuxdendres@croix-rouge.be<\/a><\/span><\/h4><\/div><\/div><\/div><\/div><\/div><\/div><\/div><\/div><\/div><\/div><\/div><\/div><\/div><\/div><div class=\"vce-row-container\" data-vce-boxed-width=\"true\"><div class=\"vce-row vce-row--col-gap-30 vce-row-equal-height vce-row-content--top\" id=\"el-cd455e84\" data-vce-do-apply=\"all el-cd455e84\"><div class=\"vce-row-content\" data-vce-element-content=\"true\"><div class=\"vce-col vce-col--md-auto vce-col--xs-1 vce-col--xs-last vce-col--xs-first vce-col--sm-last vce-col--sm-first vce-col--md-last vce-col--lg-last vce-col--xl-last vce-col--md-first vce-col--lg-first vce-col--xl-first\" id=\"el-fa44bb09\"><div class=\"vce-col-inner\" data-vce-do-apply=\"border margin background  el-fa44bb09\"><div class=\"vce-col-content\" data-vce-element-content=\"true\" data-vce-do-apply=\"padding el-fa44bb09\"><div class=\"vce-row-container\" data-vce-boxed-width=\"true\"><div class=\"vce-row vce-row--col-gap-30 vce-row-equal-height vce-row-content--top\" id=\"el-62159b68\" data-vce-do-apply=\"all el-62159b68\"><div class=\"vce-row-content\" data-vce-element-content=\"true\"><div class=\"vce-col vce-col--md-auto vce-col--xs-1 vce-col--xs-last vce-col--xs-first vce-col--sm-last vce-col--sm-first vce-col--md-last vce-col--lg-last vce-col--xl-last vce-col--md-first vce-col--lg-first vce-col--xl-first\" id=\"el-d82d35b4\"><div class=\"vce-col-inner\" data-vce-do-apply=\"border margin background  el-d82d35b4\"><div class=\"vce-col-content\" data-vce-element-content=\"true\" data-vce-do-apply=\"padding el-d82d35b4\"><div class=\"vce-row-container\" data-vce-boxed-width=\"true\"><div class=\"vce-row vce-row--col-gap-30 vce-row-equal-height vce-row-content--top\" id=\"el-e3089b65\" data-vce-do-apply=\"all el-e3089b65\"><div class=\"vce-row-content\" data-vce-element-content=\"true\"><div class=\"vce-col vce-col--md-17-4p vce-col--xs-1 vce-col--xs-last vce-col--xs-first vce-col--sm-last vce-col--sm-first vce-col--md-first vce-col--lg-first vce-col--xl-first\" id=\"el-3641b764\"><div class=\"vce-col-inner\" data-vce-do-apply=\"border margin background  el-3641b764\"><div class=\"vce-col-content\" data-vce-element-content=\"true\" data-vce-do-apply=\"padding el-3641b764\"><div class=\"vce-single-image-container vce-single-image--align-left\"><div class=\"vce vce-single-image-wrapper\" id=\"el-c8592908\" data-vce-do-apply=\"all el-c8592908\"><figure><div class=\"vce-single-image-figure-inner\" style=\"width: 32px;\"><div class=\"vce-single-image-inner vce-single-image--absolute\" style=\"width: 100%; padding-bottom: 100%;\"><img loading=\"lazy\" decoding=\"async\" class=\"vce-single-image\"  width=\"32\" height=\"32\" srcset=\"https:\/\/site.croixrougeath.be\/wp-content\/uploads\/2024\/09\/picto-phone-320x320.png 320w, https:\/\/site.croixrougeath.be\/wp-content\/uploads\/2024\/09\/picto-phone-480x480.png 480w, https:\/\/site.croixrougeath.be\/wp-content\/uploads\/2024\/09\/picto-phone-800x800.png 800w, https:\/\/site.croixrougeath.be\/wp-content\/uploads\/2024\/09\/picto-phone-32x32.png 32w, https:\/\/site.croixrougeath.be\/wp-content\/uploads\/2024\/09\/picto-phone-64x64.png 2x\" src=\"https:\/\/site.croixrougeath.be\/wp-content\/uploads\/2024\/09\/picto-phone-32x32.png\" data-img-src=\"https:\/\/site.croixrougeath.be\/wp-content\/uploads\/2020\/02\/picto-phone.png\" data-attachment-id=\"119\"  alt=\"\" title=\"picto-phone\" \/><\/div><\/div><figcaption hidden=\"\"><\/figcaption><\/figure><\/div><\/div><\/div><\/div><\/div><div class=\"vce-col vce-col--md-82-13p vce-col--xs-1 vce-col--xs-last vce-col--xs-first vce-col--sm-last vce-col--sm-first vce-col--md-last vce-col--lg-last vce-col--xl-last\" id=\"el-effd6504\"><div class=\"vce-col-inner\" data-vce-do-apply=\"border margin background  el-effd6504\"><div class=\"vce-col-content\" data-vce-element-content=\"true\" data-vce-do-apply=\"padding el-effd6504\"><div class=\"vce-text-block\"><div class=\"vce-text-block-wrapper vce\" id=\"el-88683561\" data-vce-do-apply=\"all el-88683561\"><h4><span style=\"color: #d80000;\">068 \/ 33 48 38 &nbsp; &nbsp; ext &nbsp; 3<\/span><\/h4><\/div><\/div><\/div><\/div><\/div><\/div><\/div><\/div><\/div><\/div><\/div><\/div><\/div><\/div><\/div><\/div><\/div><\/div><\/div><\/div><\/div><\/div><\/div><\/div><\/div><\/div><div class=\"vce-row-container\" data-vce-boxed-width=\"true\"><div class=\"vce-row vce-row--col-gap-30 vce-row-equal-height vce-row-content--top\" id=\"el-fe455a5f\" data-vce-do-apply=\"all el-fe455a5f\"><div class=\"vce-row-content\" data-vce-element-content=\"true\"><div class=\"vce-col vce-col--md-auto vce-col--xs-1 vce-col--xs-last vce-col--xs-first vce-col--sm-last vce-col--sm-first vce-col--md-first vce-col--lg-first vce-col--xl-first\" id=\"el-84aa83f2\"><div class=\"vce-col-inner\" data-vce-do-apply=\"border margin background  el-84aa83f2\"><div class=\"vce-col-content\" data-vce-element-content=\"true\" data-vce-do-apply=\"padding el-84aa83f2\"><div class=\"vcv-row-control-wrapper\"><\/div><\/div><\/div><\/div><div class=\"vce-col vce-col--md-auto vce-col--xs-1 vce-col--xs-last vce-col--xs-first vce-col--sm-last vce-col--sm-first vce-col--md-last vce-col--lg-last vce-col--xl-last\" id=\"el-a72831c8\"><div class=\"vce-col-inner\" data-vce-do-apply=\"border margin background  el-a72831c8\"><div class=\"vce-col-content\" data-vce-element-content=\"true\" data-vce-do-apply=\"padding el-a72831c8\"><div class=\"vcv-row-control-wrapper\"><\/div><\/div><\/div><\/div><\/div><\/div><\/div>","protected":false},"excerpt":{"rendered":"<p>Vous aimeriez avoir de temps en temps une pr\u00e9sence conviviale \u00e0 domicile, sortir de chez vous plus souvent ou discuter et partager vos envies ? Alors ce service est fait pour vous ! Reliage, qu&rsquo;est-ce que c&rsquo;est ? Reliage est une activit\u00e9 d\u00e9velopp\u00e9e par la Croix-Rouge de Belgique. Elle vous permet de recevoir chaque semaine,&hellip; <br \/> <a class=\"read-more\" href=\"https:\/\/site.croixrougeath.be\/index.php\/nos-activites\/hestia\/\">Lire la suite<\/a><\/p>\n","protected":false},"author":1,"featured_media":0,"parent":97,"menu_order":0,"comment_status":"closed","ping_status":"closed","template":"","meta":{"footnotes":""},"class_list":["post-727","page","type-page","status-publish","hentry"],"_links":{"self":[{"href":"https:\/\/site.croixrougeath.be\/index.php\/wp-json\/wp\/v2\/pages\/727","targetHints":{"allow":["GET"]}}],"collection":[{"href":"https:\/\/site.croixrougeath.be\/index.php\/wp-json\/wp\/v2\/pages"}],"about":[{"href":"https:\/\/site.croixrougeath.be\/index.php\/wp-json\/wp\/v2\/types\/page"}],"author":[{"embeddable":true,"href":"https:\/\/site.croixrougeath.be\/index.php\/wp-json\/wp\/v2\/users\/1"}],"replies":[{"embeddable":true,"href":"https:\/\/site.croixrougeath.be\/index.php\/wp-json\/wp\/v2\/comments?post=727"}],"version-history":[{"count":2,"href":"https:\/\/site.croixrougeath.be\/index.php\/wp-json\/wp\/v2\/pages\/727\/revisions"}],"predecessor-version":[{"id":1025,"href":"https:\/\/site.croixrougeath.be\/index.php\/wp-json\/wp\/v2\/pages\/727\/revisions\/1025"}],"up":[{"embeddable":true,"href":"https:\/\/site.croixrougeath.be\/index.php\/wp-json\/wp\/v2\/pages\/97"}],"wp:attachment":[{"href":"https:\/\/site.croixrougeath.be\/index.php\/wp-json\/wp\/v2\/media?parent=727"}],"curies":[{"name":"wp","href":"https:\/\/api.w.org\/{rel}","templated":true}]}}