{"id":985,"date":"2023-12-24T16:41:52","date_gmt":"2023-12-24T15:41:52","guid":{"rendered":"https:\/\/site.croixrougeath.be\/?page_id=985"},"modified":"2025-01-09T17:10:17","modified_gmt":"2025-01-09T16:10:17","slug":"ateliers-couture","status":"publish","type":"page","link":"https:\/\/site.croixrougeath.be\/index.php\/nos-activites\/ateliers-couture\/","title":{"rendered":"Ateliers couture"},"content":{"rendered":"<div class=\"vce-row-container\" data-vce-boxed-width=\"true\"><div class=\"vce-row vce-row--col-gap-30 vce-row-equal-height vce-row-content--top\" id=\"el-b797e5e5\" data-vce-do-apply=\"all el-b797e5e5\"><div class=\"vce-row-content\" data-vce-element-content=\"true\"><div class=\"vce-col vce-col--md-auto vce-col--xs-1 vce-col--xs-last vce-col--xs-first vce-col--sm-last vce-col--sm-first vce-col--md-first vce-col--lg-first vce-col--xl-first\" id=\"el-ed257134\"><div class=\"vce-col-inner\" data-vce-do-apply=\"border margin background  el-ed257134\"><div class=\"vce-col-content\" data-vce-element-content=\"true\" data-vce-do-apply=\"padding el-ed257134\"><div class=\"vce-single-image-container vce-single-image--align-left\"><div class=\"vce vce-single-image-wrapper\" id=\"el-092fb06e\" data-vce-do-apply=\"all el-092fb06e\"><figure><div class=\"vce-single-image-figure-inner\" style=\"width: 777px;\"><div class=\"vce-single-image-inner vce-single-image--absolute\" style=\"width: 100%; padding-bottom: 64.350064%;\"><img loading=\"lazy\" decoding=\"async\" class=\"vce-single-image\"  width=\"777\" height=\"500\" srcset=\"https:\/\/site.croixrougeath.be\/wp-content\/uploads\/2023\/12\/couture1.jpg-320x206.webp 320w, https:\/\/site.croixrougeath.be\/wp-content\/uploads\/2023\/12\/couture1.jpg-480x309.webp 480w, https:\/\/site.croixrougeath.be\/wp-content\/uploads\/2025\/01\/couture1.jpg-777x500.webp 777w\" src=\"https:\/\/site.croixrougeath.be\/wp-content\/uploads\/2025\/01\/couture1.jpg-777x500.webp\" data-img-src=\"https:\/\/site.croixrougeath.be\/wp-content\/uploads\/2023\/12\/couture1.jpg.webp\" data-attachment-id=\"987\"  alt=\"\" title=\"couture1.jpg\" \/><\/div><\/div><figcaption hidden=\"\"><\/figcaption><\/figure><\/div><\/div><\/div><\/div><\/div><div class=\"vce-col vce-col--md-auto vce-col--xs-1 vce-col--xs-last vce-col--xs-first vce-col--sm-last vce-col--sm-first vce-col--md-last vce-col--lg-last vce-col--xl-last\" id=\"el-ecc39fb9\"><div class=\"vce-col-inner\" data-vce-do-apply=\"border margin background  el-ecc39fb9\"><div class=\"vce-col-content\" data-vce-element-content=\"true\" data-vce-do-apply=\"padding el-ecc39fb9\"><div class=\"vce-text-block\"><div class=\"vce-text-block-wrapper vce\" id=\"el-d04f0e1f\" data-vce-do-apply=\"all el-d04f0e1f\"><h2>Couture Upcycling !<\/h2>\n<p>Cet atelier permet \u00e0 coup s\u00fbr \u00e0 ses participants de passer un moment de d\u00e9tente et de b\u00e9n\u00e9ficier des vertus encore m\u00e9connues de la couture ! Il s\u2019agit, avec l\u2019aide d\u2019animatrices b\u00e9n\u00e9voles, de s'initier \u00e0 la couture, de faire diverses r\u00e9parations (bords, reprises, ...), de donner une seconde vie aux v\u00eatements, de r\u00e9aliser des projets (sacs, snoods, ...), ...<\/p>\n<p>&nbsp;<\/p><\/div><\/div><\/div><\/div><\/div><\/div><\/div><\/div><div class=\"vce-row-container\" data-vce-boxed-width=\"true\"><div class=\"vce-row vce-row--col-gap-30 vce-row-equal-height vce-row-content--top\" id=\"el-416615a2\" data-vce-do-apply=\"all el-416615a2\"><div class=\"vce-row-content\" data-vce-element-content=\"true\"><div class=\"vce-col vce-col--md-auto vce-col--xs-1 vce-col--xs-last vce-col--xs-first vce-col--sm-last vce-col--sm-first vce-col--md-first vce-col--lg-first vce-col--xl-first\" id=\"el-1bd3fe34\"><div class=\"vce-col-inner\" data-vce-do-apply=\"border margin background  el-1bd3fe34\"><div class=\"vce-col-content\" data-vce-element-content=\"true\" data-vce-do-apply=\"padding el-1bd3fe34\"><div class=\"vce-text-block\"><div class=\"vce-text-block-wrapper vce\" id=\"el-1b6c3866\" data-vce-do-apply=\"all el-1b6c3866\"><h2>Horaires<\/h2><p><span style=\"color: #008000;\">Le nombre de machines est limit\u00e9, l'inscription est n\u00e9cessaire pour participer.<\/span><\/p><p>Le <strong>lundi<\/strong>&nbsp;:<\/p><ul><li><strong style=\"color: #d80000;\">13:30<\/strong><span style=\"color: #d80000;\">&nbsp;\u00e0 <\/span><strong><span style=\"color: #d80000;\">16:30<\/span><\/strong><span style=\"color: #000000;\"> : upcycling et travaux d'aiguilles<\/span><\/li><\/ul><p>Le <strong>mardi <\/strong>:<\/p><ul><li><span style=\"color: #d80000;\"><strong>09:00<\/strong> \u00e0 <strong>12:00 <\/strong><\/span><span style=\"color: #000000;\">: upcycling et travaux d'aiguilles<\/span><\/li><\/ul><\/div><\/div><\/div><\/div><\/div><div class=\"vce-col vce-col--md-auto vce-col--xs-1 vce-col--xs-last vce-col--xs-first vce-col--sm-last vce-col--sm-first vce-col--md-last vce-col--lg-last vce-col--xl-last\" id=\"el-75e1dcc1\"><div class=\"vce-col-inner\" data-vce-do-apply=\"border margin background  el-75e1dcc1\"><div class=\"vce-col-content\" data-vce-element-content=\"true\" data-vce-do-apply=\"padding el-75e1dcc1\"><div class=\"vce-text-block\"><div class=\"vce-text-block-wrapper vce\" id=\"el-4d05446c\" data-vce-do-apply=\"all el-4d05446c\"><h2>Contact<\/h2><\/div><\/div><div class=\"vce-row-container\" data-vce-boxed-width=\"true\"><div class=\"vce-row vce-row--col-gap-30 vce-row-equal-height vce-row-content--top\" id=\"el-e993d0bd\" data-vce-do-apply=\"all el-e993d0bd\"><div class=\"vce-row-content\" data-vce-element-content=\"true\"><div class=\"vce-col vce-col--md-27p vce-col--xs-1 vce-col--xs-last vce-col--xs-first vce-col--sm-last vce-col--sm-first vce-col--md-first vce-col--lg-first vce-col--xl-first\" id=\"el-e404e827\"><div class=\"vce-col-inner\" data-vce-do-apply=\"border margin background  el-e404e827\"><div class=\"vce-col-content\" data-vce-element-content=\"true\" data-vce-do-apply=\"padding el-e404e827\"><div class=\"vce-single-image-container vce-single-image--align-center\"><div class=\"vce vce-single-image-wrapper\" id=\"el-475cdfdd\" data-vce-do-apply=\"all el-475cdfdd\"><figure><div class=\"vce-single-image-figure-inner\" style=\"width: 32px;\"><div class=\"vce-single-image-inner vce-single-image--absolute\" style=\"width: 100%; padding-bottom: 100%;\"><img loading=\"lazy\" decoding=\"async\" class=\"vce-single-image\"  width=\"32\" height=\"32\" srcset=\"https:\/\/site.croixrougeath.be\/wp-content\/uploads\/2025\/01\/picto-phone-320x320.png 320w, https:\/\/site.croixrougeath.be\/wp-content\/uploads\/2025\/01\/picto-phone-480x480.png 480w, https:\/\/site.croixrougeath.be\/wp-content\/uploads\/2025\/01\/picto-phone-800x800.png 800w, https:\/\/site.croixrougeath.be\/wp-content\/uploads\/2025\/01\/picto-phone-32x32.png 32w, https:\/\/site.croixrougeath.be\/wp-content\/uploads\/2025\/01\/picto-phone-64x64.png 2x\" src=\"https:\/\/site.croixrougeath.be\/wp-content\/uploads\/2025\/01\/picto-phone-32x32.png\" data-img-src=\"https:\/\/site.croixrougeath.be\/wp-content\/uploads\/2020\/02\/picto-phone.png\" data-attachment-id=\"119\"  alt=\"\" title=\"picto-phone\" \/><\/div><\/div><figcaption hidden=\"\"><\/figcaption><\/figure><\/div><\/div><\/div><\/div><\/div><div class=\"vce-col vce-col--md-73p vce-col--xs-1 vce-col--xs-last vce-col--xs-first vce-col--sm-last vce-col--sm-first vce-col--md-last vce-col--lg-last vce-col--xl-last\" id=\"el-5b38712c\"><div class=\"vce-col-inner\" data-vce-do-apply=\"border margin background  el-5b38712c\"><div class=\"vce-col-content\" data-vce-element-content=\"true\" data-vce-do-apply=\"padding el-5b38712c\"><div class=\"vce-text-block\"><div class=\"vce-text-block-wrapper vce\" id=\"el-6eb05ffa\" data-vce-do-apply=\"all el-6eb05ffa\"><h4><span style=\"color: #d80000;\">068 \/ 33 48 38 &nbsp; &nbsp; ext &nbsp; 5 &nbsp; &nbsp;<\/span><\/h4><\/div><\/div><\/div><\/div><\/div><\/div><\/div><\/div><\/div><\/div><\/div><\/div><\/div><\/div>\n","protected":false},"excerpt":{"rendered":"<p>Couture Upcycling ! Cet atelier permet \u00e0 coup s\u00fbr \u00e0 ses participants de passer un moment de d\u00e9tente et de b\u00e9n\u00e9ficier des vertus encore m\u00e9connues de la couture ! Il s\u2019agit, avec l\u2019aide d\u2019animatrices b\u00e9n\u00e9voles, de s&rsquo;initier \u00e0 la couture, de faire diverses r\u00e9parations (bords, reprises, &#8230;), de donner une seconde vie aux v\u00eatements, de&hellip; <br \/> <a class=\"read-more\" href=\"https:\/\/site.croixrougeath.be\/index.php\/nos-activites\/ateliers-couture\/\">Lire la suite<\/a><\/p>\n","protected":false},"author":1,"featured_media":0,"parent":97,"menu_order":0,"comment_status":"closed","ping_status":"closed","template":"","meta":{"footnotes":""},"class_list":["post-985","page","type-page","status-publish","hentry"],"_links":{"self":[{"href":"https:\/\/site.croixrougeath.be\/index.php\/wp-json\/wp\/v2\/pages\/985","targetHints":{"allow":["GET"]}}],"collection":[{"href":"https:\/\/site.croixrougeath.be\/index.php\/wp-json\/wp\/v2\/pages"}],"about":[{"href":"https:\/\/site.croixrougeath.be\/index.php\/wp-json\/wp\/v2\/types\/page"}],"author":[{"embeddable":true,"href":"https:\/\/site.croixrougeath.be\/index.php\/wp-json\/wp\/v2\/users\/1"}],"replies":[{"embeddable":true,"href":"https:\/\/site.croixrougeath.be\/index.php\/wp-json\/wp\/v2\/comments?post=985"}],"version-history":[{"count":1,"href":"https:\/\/site.croixrougeath.be\/index.php\/wp-json\/wp\/v2\/pages\/985\/revisions"}],"predecessor-version":[{"id":1034,"href":"https:\/\/site.croixrougeath.be\/index.php\/wp-json\/wp\/v2\/pages\/985\/revisions\/1034"}],"up":[{"embeddable":true,"href":"https:\/\/site.croixrougeath.be\/index.php\/wp-json\/wp\/v2\/pages\/97"}],"wp:attachment":[{"href":"https:\/\/site.croixrougeath.be\/index.php\/wp-json\/wp\/v2\/media?parent=985"}],"curies":[{"name":"wp","href":"https:\/\/api.w.org\/{rel}","templated":true}]}}